{"id":1148,"date":"2019-04-04T19:15:46","date_gmt":"2019-04-04T19:15:46","guid":{"rendered":"https:\/\/eventoscicloderiesgo.com\/?page_id=1148"},"modified":"2020-01-15T01:39:58","modified_gmt":"2020-01-15T01:39:58","slug":"b2b-b2c-memorias","status":"publish","type":"page","link":"https:\/\/eventoscicloderiesgo.com\/old\/b2b-b2c-memorias\/","title":{"rendered":"B2B &#038; B2C &#8211; Memorias"},"content":{"rendered":"\n[et_pb_section fb_built=\u00bb1&#8243; _builder_version=\u00bb3.22&#8243; use_background_color_gradient=\u00bbon\u00bb background_color_gradient_start=\u00bb#ffffff\u00bb background_color_gradient_end=\u00bb#e2e2e2&#8243; background_color_gradient_start_position=\u00bb15%\u00bb background_color_gradient_end_position=\u00bb31%\u00bb custom_padding=\u00bb3px|0px|110px|0px|false|false\u00bb][et_pb_row _builder_version=\u00bb3.25&#8243; column_structure=\u00bb3_5,2_5&#8243;][et_pb_column type=\u00bb3_5&#8243; _builder_version=\u00bb3.25&#8243; custom_padding=\u00bb|||\u00bb custom_padding__hover=\u00bb|||\u00bb][et_pb_image src=\u00bbhttps:\/\/eventoscicloderiesgo.com\/old\/wp-content\/uploads\/2019\/01\/B2B-y-B2C.jpg\u00bb show_bottom_space=\u00bboff\u00bb align=\u00bbcenter\u00bb align_tablet=\u00bbcenter\u00bb align_last_edited=\u00bbon|desktop\u00bb _builder_version=\u00bb3.23&#8243;][\/et_pb_image][\/et_pb_column][et_pb_column type=\u00bb2_5&#8243; _builder_version=\u00bb3.25&#8243; custom_padding=\u00bb|||\u00bb custom_padding__hover=\u00bb|||\u00bb][et_pb_text _builder_version=\u00bb3.27.4&#8243; text_font=\u00bb||||||||\u00bb header_font=\u00bb|700||on|||||\u00bb header_font_size=\u00bb56px\u00bb custom_margin=\u00bb68px||\u00bb]<h1>Memorias Del Evento<\/h1>[\/et_pb_text][et_pb_divider divider_weight=\u00bb5px\u00bb _builder_version=\u00bb3.21.1&#8243;][\/et_pb_divider][\/et_pb_column][\/et_pb_row][et_pb_row use_custom_gutter=\u00bbon\u00bb gutter_width=\u00bb2&#8243; _builder_version=\u00bb3.25&#8243; module_alignment=\u00bbcenter\u00bb custom_padding=\u00bb|0px|0|0px|false|false\u00bb column_structure=\u00bb3_4,1_4&#8243;][et_pb_column type=\u00bb3_4&#8243; _builder_version=\u00bb3.25&#8243; custom_padding=\u00bb|||\u00bb custom_padding__hover=\u00bb|||\u00bb][et_pb_blurb use_icon=\u00bbon\u00bb font_icon=\u00bb%%36%%\u00bb icon_placement=\u00bbleft\u00bb use_icon_font_size=\u00bbon\u00bb icon_font_size=\u00bb54px\u00bb _builder_version=\u00bb3.21.1&#8243; header_font_size=\u00bb19px\u00bb body_font_size=\u00bb15px\u00bb custom_padding=\u00bb||30px\u00bb]<p>Retos y Oportunidades en el avanzar de la Disrupci\u00f3n y la innovaci\u00f3n en la Gesti\u00f3n Empresarial<\/p>\n<p><span style=\"color: #993300;\"><strong>Mar\u00eda Victoria Manajarr\u00e9s<\/strong> Gerente de Innovaci\u00f3n y Transformaci\u00f3n del Grupo R\u00e9ditos operador de la Red de Servicios Gana<\/span><\/p>[\/et_pb_blurb][et_pb_code _builder_version=\u00bb3.19.9&#8243;]<script><!-- [et_pb_line_break_holder] -->jQuery(function(){<!-- [et_pb_line_break_holder] -->  jQuery(\"#inversion\").click(function(){<!-- [et_pb_line_break_holder] -->    jQuery(\"#popup\").css(\"display\", \"block\");<!-- [et_pb_line_break_holder] -->  });<!-- [et_pb_line_break_holder] -->  <!-- [et_pb_line_break_holder] -->  jQuery(\"#close\").click(function(){<!-- [et_pb_line_break_holder] -->    jQuery(\"#popup\").css(\"display\", \"none\");<!-- [et_pb_line_break_holder] -->  });<!-- [et_pb_line_break_holder] -->  <!-- [et_pb_line_break_holder] -->});<!-- [et_pb_line_break_holder] --><\/script>[\/et_pb_code][\/et_pb_column][et_pb_column type=\u00bb1_4&#8243; _builder_version=\u00bb3.25&#8243; custom_padding=\u00bb|||\u00bb custom_padding__hover=\u00bb|||\u00bb][et_pb_button button_url=\u00bbhttps:\/\/eventoscicloderiesgo.com\/old\/wp-content\/uploads\/2019\/B2B-&#038;-B2C-Finance-Day\/Memorias\/1-MARIA-VICTORIA-MANJARRES-JUEVES-8.30-AM-INNOVACION-GESTION-EMPRESARIAL.pptx\u00bb url_new_window=\u00bbon\u00bb button_text=\u00bbDescargar\u00bb _builder_version=\u00bb3.21.1&#8243; custom_button=\u00bbon\u00bb button_text_size=\u00bb16px\u00bb button_text_color=\u00bb#005794&#8243; button_bg_use_color_gradient=\u00bbon\u00bb button_bg_color_gradient_start=\u00bbrgba(229,22,0,0)\u00bb button_bg_color_gradient_end=\u00bbrgba(221,144,0,0)\u00bb button_border_radius=\u00bb8px\u00bb button_font=\u00bb||||||||\u00bb button_icon=\u00bb%%1%%\u00bb button_on_hover=\u00bboff\u00bb box_shadow_style=\u00bbpreset3&#8243;][\/et_pb_button][\/et_pb_column][\/et_pb_row][et_pb_row use_custom_gutter=\u00bbon\u00bb gutter_width=\u00bb2&#8243; _builder_version=\u00bb3.25&#8243; module_alignment=\u00bbcenter\u00bb custom_padding=\u00bb|0px|0|0px|false|false\u00bb column_structure=\u00bb3_4,1_4&#8243;][et_pb_column type=\u00bb3_4&#8243; _builder_version=\u00bb3.25&#8243; custom_padding=\u00bb|||\u00bb custom_padding__hover=\u00bb|||\u00bb][et_pb_blurb use_icon=\u00bbon\u00bb font_icon=\u00bb%%36%%\u00bb icon_placement=\u00bbleft\u00bb use_icon_font_size=\u00bbon\u00bb icon_font_size=\u00bb54px\u00bb _builder_version=\u00bb3.21.1&#8243; header_font_size=\u00bb19px\u00bb body_font_size=\u00bb15px\u00bb custom_padding=\u00bb||30px\u00bb]<p>Gesti\u00f3n Inteligente del Ciclo de Financiaci\u00f3n<\/p>\n<p><span style=\"color: #993300;\"><strong>Mauricio Rojas<\/strong> CEO Reds@KINGS Company LLS \/ Florida USA<\/span><\/p>[\/et_pb_blurb][et_pb_code _builder_version=\u00bb3.19.9&#8243;]<script><!-- [et_pb_line_break_holder] -->jQuery(function(){<!-- [et_pb_line_break_holder] -->  jQuery(\"#inversion\").click(function(){<!-- [et_pb_line_break_holder] -->    jQuery(\"#popup\").css(\"display\", \"block\");<!-- [et_pb_line_break_holder] -->  });<!-- [et_pb_line_break_holder] -->  <!-- [et_pb_line_break_holder] -->  jQuery(\"#close\").click(function(){<!-- [et_pb_line_break_holder] -->    jQuery(\"#popup\").css(\"display\", \"none\");<!-- [et_pb_line_break_holder] -->  });<!-- [et_pb_line_break_holder] -->  <!-- [et_pb_line_break_holder] -->});<!-- [et_pb_line_break_holder] --><\/script>[\/et_pb_code][\/et_pb_column][et_pb_column type=\u00bb1_4&#8243; _builder_version=\u00bb3.25&#8243; custom_padding=\u00bb|||\u00bb custom_padding__hover=\u00bb|||\u00bb][et_pb_button button_url=\u00bbhttps:\/\/eventoscicloderiesgo.com\/old\/wp-content\/uploads\/2019\/B2B-&#038;-B2C-Finance-Day\/Memorias\/2-MAURICIO-ROJAS-JUEVES-9.30-PM-GESTION-DEL-CICLO-DE-FINANCIACION.pptx\u00bb url_new_window=\u00bbon\u00bb button_text=\u00bbDescargar\u00bb _builder_version=\u00bb3.21.1&#8243; custom_button=\u00bbon\u00bb button_text_size=\u00bb16px\u00bb button_text_color=\u00bb#005794&#8243; button_bg_use_color_gradient=\u00bbon\u00bb button_bg_color_gradient_start=\u00bbrgba(229,22,0,0)\u00bb button_bg_color_gradient_end=\u00bbrgba(221,144,0,0)\u00bb button_border_radius=\u00bb8px\u00bb button_font=\u00bb||||||||\u00bb button_icon=\u00bb%%1%%\u00bb button_on_hover=\u00bboff\u00bb box_shadow_style=\u00bbpreset3&#8243;][\/et_pb_button][\/et_pb_column][\/et_pb_row][et_pb_row use_custom_gutter=\u00bbon\u00bb gutter_width=\u00bb2&#8243; _builder_version=\u00bb3.25&#8243; module_alignment=\u00bbcenter\u00bb custom_padding=\u00bb|0px|0|0px|false|false\u00bb column_structure=\u00bb3_4,1_4&#8243;][et_pb_column type=\u00bb3_4&#8243; _builder_version=\u00bb3.25&#8243; custom_padding=\u00bb|||\u00bb custom_padding__hover=\u00bb|||\u00bb][et_pb_blurb use_icon=\u00bbon\u00bb font_icon=\u00bb%%36%%\u00bb icon_placement=\u00bbleft\u00bb use_icon_font_size=\u00bbon\u00bb icon_font_size=\u00bb54px\u00bb _builder_version=\u00bb3.21.1&#8243; header_font_size=\u00bb19px\u00bb body_font_size=\u00bb15px\u00bb custom_padding=\u00bb||30px\u00bb]<p>Matrimonio por Conveniencia &#8211; Financiaci\u00f3n en el Punto de Venta<\/p>\n<p><span style=\"color: #993300;\"><strong>Kenneth Mendiwelson<\/strong> &#8211; CEO Referencia &#8211; Listo Pago a Plazos<\/span><\/p>[\/et_pb_blurb][et_pb_code _builder_version=\u00bb3.19.9&#8243;]<script><!-- [et_pb_line_break_holder] -->jQuery(function(){<!-- [et_pb_line_break_holder] -->  jQuery(\"#inversion\").click(function(){<!-- [et_pb_line_break_holder] -->    jQuery(\"#popup\").css(\"display\", \"block\");<!-- [et_pb_line_break_holder] -->  });<!-- [et_pb_line_break_holder] -->  <!-- [et_pb_line_break_holder] -->  jQuery(\"#close\").click(function(){<!-- [et_pb_line_break_holder] -->    jQuery(\"#popup\").css(\"display\", \"none\");<!-- [et_pb_line_break_holder] -->  });<!-- [et_pb_line_break_holder] -->  <!-- [et_pb_line_break_holder] -->});<!-- [et_pb_line_break_holder] --><\/script>[\/et_pb_code][\/et_pb_column][et_pb_column type=\u00bb1_4&#8243; _builder_version=\u00bb3.25&#8243; custom_padding=\u00bb|||\u00bb custom_padding__hover=\u00bb|||\u00bb][et_pb_button button_url=\u00bbhttps:\/\/eventoscicloderiesgo.com\/old\/wp-content\/uploads\/2019\/B2B-&#038;-B2C-Finance-Day\/Memorias\/3-KENNETH-MENDIWELSON-JUEVES-11-AM-MATRIMONIO-POR-CONVENIENCIA.pdf\u00bb url_new_window=\u00bbon\u00bb button_text=\u00bbDescargar\u00bb _builder_version=\u00bb3.21.1&#8243; custom_button=\u00bbon\u00bb button_text_size=\u00bb16px\u00bb button_text_color=\u00bb#005794&#8243; button_bg_use_color_gradient=\u00bbon\u00bb button_bg_color_gradient_start=\u00bbrgba(229,22,0,0)\u00bb button_bg_color_gradient_end=\u00bbrgba(221,144,0,0)\u00bb button_border_radius=\u00bb8px\u00bb button_font=\u00bb||||||||\u00bb button_icon=\u00bb%%1%%\u00bb button_on_hover=\u00bboff\u00bb box_shadow_style=\u00bbpreset3&#8243;][\/et_pb_button][\/et_pb_column][\/et_pb_row][et_pb_row use_custom_gutter=\u00bbon\u00bb gutter_width=\u00bb2&#8243; _builder_version=\u00bb3.25&#8243; module_alignment=\u00bbcenter\u00bb custom_padding=\u00bb|0px|0|0px|false|false\u00bb column_structure=\u00bb3_4,1_4&#8243;][et_pb_column type=\u00bb3_4&#8243; _builder_version=\u00bb3.25&#8243; custom_padding=\u00bb|||\u00bb custom_padding__hover=\u00bb|||\u00bb][et_pb_blurb use_icon=\u00bbon\u00bb font_icon=\u00bb%%36%%\u00bb icon_placement=\u00bbleft\u00bb use_icon_font_size=\u00bbon\u00bb icon_font_size=\u00bb54px\u00bb _builder_version=\u00bb3.21.1&#8243; header_font_size=\u00bb19px\u00bb body_font_size=\u00bb15px\u00bb custom_padding=\u00bb||\u00bb]Sofisticaci\u00f3n anal\u00edtica, conocimiento del cliente, nuevas eficiencias, tecnolog\u00eda y herramientas, en la gesti\u00f3n del Ciclo de Cr\u00e9dito y la Cobranza[\/et_pb_blurb][et_pb_code _builder_version=\u00bb3.19.9&#8243;]<script><!-- [et_pb_line_break_holder] -->jQuery(function(){<!-- [et_pb_line_break_holder] -->  jQuery(\"#inversion\").click(function(){<!-- [et_pb_line_break_holder] -->    jQuery(\"#popup\").css(\"display\", \"block\");<!-- [et_pb_line_break_holder] -->  });<!-- [et_pb_line_break_holder] -->  <!-- [et_pb_line_break_holder] -->  jQuery(\"#close\").click(function(){<!-- [et_pb_line_break_holder] -->    jQuery(\"#popup\").css(\"display\", \"none\");<!-- [et_pb_line_break_holder] -->  });<!-- [et_pb_line_break_holder] -->  <!-- [et_pb_line_break_holder] -->});<!-- [et_pb_line_break_holder] --><\/script>[\/et_pb_code][\/et_pb_column][et_pb_column type=\u00bb1_4&#8243; _builder_version=\u00bb3.25&#8243; custom_padding=\u00bb|||\u00bb custom_padding__hover=\u00bb|||\u00bb][\/et_pb_column][\/et_pb_row][et_pb_row use_custom_gutter=\u00bbon\u00bb gutter_width=\u00bb2&#8243; _builder_version=\u00bb3.25&#8243; module_alignment=\u00bbcenter\u00bb custom_padding=\u00bb|0px|0|0px|false|false\u00bb column_structure=\u00bb3_4,1_4&#8243;][et_pb_column type=\u00bb3_4&#8243; _builder_version=\u00bb3.25&#8243; custom_padding=\u00bb|||\u00bb custom_padding__hover=\u00bb|||\u00bb][et_pb_blurb icon_placement=\u00bbleft\u00bb _builder_version=\u00bb3.21.1&#8243; header_font_size=\u00bb19px\u00bb body_font=\u00bb||||||||\u00bb body_font_size=\u00bb15px\u00bb custom_padding=\u00bb|||100px\u00bb]<span style=\"color: #993300;\"><strong>&#8211; Juan Carlos Aspiazo<\/strong> &#8211; Director de Estructuradora Consultores<\/span>[\/et_pb_blurb][et_pb_code _builder_version=\u00bb3.19.9&#8243;]<script><!-- [et_pb_line_break_holder] -->jQuery(function(){<!-- [et_pb_line_break_holder] -->  jQuery(\"#inversion\").click(function(){<!-- [et_pb_line_break_holder] -->    jQuery(\"#popup\").css(\"display\", \"block\");<!-- [et_pb_line_break_holder] -->  });<!-- [et_pb_line_break_holder] -->  <!-- [et_pb_line_break_holder] -->  jQuery(\"#close\").click(function(){<!-- [et_pb_line_break_holder] -->    jQuery(\"#popup\").css(\"display\", \"none\");<!-- [et_pb_line_break_holder] -->  });<!-- [et_pb_line_break_holder] -->  <!-- [et_pb_line_break_holder] -->});<!-- [et_pb_line_break_holder] --><\/script>[\/et_pb_code][\/et_pb_column][et_pb_column type=\u00bb1_4&#8243; _builder_version=\u00bb3.25&#8243; custom_padding=\u00bb|||\u00bb custom_padding__hover=\u00bb|||\u00bb][et_pb_button button_url=\u00bbhttps:\/\/eventoscicloderiesgo.com\/old\/wp-content\/uploads\/2019\/B2B-&#038;-B2C-Finance-Day\/Memorias\/6-JUAN-CARLOS-ASPIAZO-JUEVES-12-M-CLIENTE-CENTRO-DEL-MODELO.pptx\u00bb url_new_window=\u00bbon\u00bb button_text=\u00bbDescargar\u00bb _builder_version=\u00bb3.21.1&#8243; custom_button=\u00bbon\u00bb button_text_size=\u00bb16px\u00bb button_text_color=\u00bb#005794&#8243; button_bg_use_color_gradient=\u00bbon\u00bb button_bg_color_gradient_start=\u00bbrgba(229,22,0,0)\u00bb button_bg_color_gradient_end=\u00bbrgba(221,144,0,0)\u00bb button_border_radius=\u00bb8px\u00bb button_font=\u00bb||||||||\u00bb button_icon=\u00bb%%1%%\u00bb button_on_hover=\u00bboff\u00bb box_shadow_style=\u00bbpreset3&#8243;][\/et_pb_button][\/et_pb_column][\/et_pb_row][et_pb_row use_custom_gutter=\u00bbon\u00bb gutter_width=\u00bb2&#8243; _builder_version=\u00bb3.25&#8243; module_alignment=\u00bbcenter\u00bb custom_padding=\u00bb|0px|0|0px|false|false\u00bb column_structure=\u00bb3_4,1_4&#8243;][et_pb_column type=\u00bb3_4&#8243; _builder_version=\u00bb3.25&#8243; custom_padding=\u00bb|||\u00bb custom_padding__hover=\u00bb|||\u00bb][et_pb_blurb icon_placement=\u00bbleft\u00bb _builder_version=\u00bb3.21.1&#8243; header_font_size=\u00bb19px\u00bb body_font=\u00bb||||||||\u00bb body_font_size=\u00bb15px\u00bb custom_padding=\u00bb|||100px\u00bb]<p><span style=\"color: #993300;\"><strong>&#8211; Vanessa Luna<\/strong> &#8211; Gerente de Axesor Colombia<\/span><\/p>[\/et_pb_blurb][et_pb_code _builder_version=\u00bb3.19.9&#8243;]<script><!-- [et_pb_line_break_holder] -->jQuery(function(){<!-- [et_pb_line_break_holder] -->  jQuery(\"#inversion\").click(function(){<!-- [et_pb_line_break_holder] -->    jQuery(\"#popup\").css(\"display\", \"block\");<!-- [et_pb_line_break_holder] -->  });<!-- [et_pb_line_break_holder] -->  <!-- [et_pb_line_break_holder] -->  jQuery(\"#close\").click(function(){<!-- [et_pb_line_break_holder] -->    jQuery(\"#popup\").css(\"display\", \"none\");<!-- [et_pb_line_break_holder] -->  });<!-- [et_pb_line_break_holder] -->  <!-- [et_pb_line_break_holder] -->});<!-- [et_pb_line_break_holder] --><\/script>[\/et_pb_code][\/et_pb_column][et_pb_column type=\u00bb1_4&#8243; _builder_version=\u00bb3.25&#8243; custom_padding=\u00bb|||\u00bb custom_padding__hover=\u00bb|||\u00bb][et_pb_button button_url=\u00bbhttps:\/\/eventoscicloderiesgo.com\/old\/wp-content\/uploads\/2019\/B2B-&#038;-B2C-Finance-Day\/Memorias\/7-VANESSA-LUNA-JUEVES-2-PM-MODELOS-B2B.pptx\u00bb url_new_window=\u00bbon\u00bb button_text=\u00bbDescargar\u00bb _builder_version=\u00bb3.21.1&#8243; custom_button=\u00bbon\u00bb button_text_size=\u00bb16px\u00bb button_text_color=\u00bb#005794&#8243; button_bg_use_color_gradient=\u00bbon\u00bb button_bg_color_gradient_start=\u00bbrgba(229,22,0,0)\u00bb button_bg_color_gradient_end=\u00bbrgba(221,144,0,0)\u00bb button_border_radius=\u00bb8px\u00bb button_font=\u00bb||||||||\u00bb button_icon=\u00bb%%1%%\u00bb button_on_hover=\u00bboff\u00bb box_shadow_style=\u00bbpreset3&#8243;][\/et_pb_button][\/et_pb_column][\/et_pb_row][et_pb_row use_custom_gutter=\u00bbon\u00bb gutter_width=\u00bb2&#8243; _builder_version=\u00bb3.25&#8243; module_alignment=\u00bbcenter\u00bb custom_padding=\u00bb|0px|30px|0px|false|false\u00bb column_structure=\u00bb3_4,1_4&#8243;][et_pb_column type=\u00bb3_4&#8243; _builder_version=\u00bb3.25&#8243; custom_padding=\u00bb|||\u00bb custom_padding__hover=\u00bb|||\u00bb][et_pb_blurb icon_placement=\u00bbleft\u00bb _builder_version=\u00bb3.21.1&#8243; header_font_size=\u00bb19px\u00bb body_font_size=\u00bb15px\u00bb custom_padding=\u00bb|||100px\u00bb]<p><span style=\"color: #993300;\"><strong>&#8211; Esteban Velasco<\/strong> &#8211; CEO Sempli Fintech<\/span><\/p>[\/et_pb_blurb][et_pb_code _builder_version=\u00bb3.19.9&#8243;]<script><!-- [et_pb_line_break_holder] -->jQuery(function(){<!-- [et_pb_line_break_holder] -->  jQuery(\"#inversion\").click(function(){<!-- [et_pb_line_break_holder] -->    jQuery(\"#popup\").css(\"display\", \"block\");<!-- [et_pb_line_break_holder] -->  });<!-- [et_pb_line_break_holder] -->  <!-- [et_pb_line_break_holder] -->  jQuery(\"#close\").click(function(){<!-- [et_pb_line_break_holder] -->    jQuery(\"#popup\").css(\"display\", \"none\");<!-- [et_pb_line_break_holder] -->  });<!-- [et_pb_line_break_holder] -->  <!-- [et_pb_line_break_holder] -->});<!-- [et_pb_line_break_holder] --><\/script>[\/et_pb_code][\/et_pb_column][et_pb_column type=\u00bb1_4&#8243; _builder_version=\u00bb3.25&#8243; custom_padding=\u00bb|||\u00bb custom_padding__hover=\u00bb|||\u00bb][et_pb_button button_url=\u00bbhttps:\/\/eventoscicloderiesgo.com\/old\/wp-content\/uploads\/2019\/B2B-&#038;-B2C-Finance-Day\/Memorias\/8-ESTEBAN-VELASCO-JUEVES-3-PM-EJE-DE-VALOR-DE-LAS-FINTECH.pdf\u00bb url_new_window=\u00bbon\u00bb button_text=\u00bbDescargar\u00bb _builder_version=\u00bb3.21.1&#8243; custom_button=\u00bbon\u00bb button_text_size=\u00bb16px\u00bb button_text_color=\u00bb#005794&#8243; button_bg_use_color_gradient=\u00bbon\u00bb button_bg_color_gradient_start=\u00bbrgba(229,22,0,0)\u00bb button_bg_color_gradient_end=\u00bbrgba(221,144,0,0)\u00bb button_border_radius=\u00bb8px\u00bb button_font=\u00bb||||||||\u00bb button_icon=\u00bb%%1%%\u00bb button_on_hover=\u00bboff\u00bb box_shadow_style=\u00bbpreset3&#8243;][\/et_pb_button][\/et_pb_column][\/et_pb_row][et_pb_row use_custom_gutter=\u00bbon\u00bb gutter_width=\u00bb2&#8243; _builder_version=\u00bb3.25&#8243; module_alignment=\u00bbcenter\u00bb custom_padding=\u00bb|0px|0|0px|false|false\u00bb column_structure=\u00bb3_4,1_4&#8243;][et_pb_column type=\u00bb3_4&#8243; _builder_version=\u00bb3.25&#8243; custom_padding=\u00bb|||\u00bb custom_padding__hover=\u00bb|||\u00bb][et_pb_blurb use_icon=\u00bbon\u00bb font_icon=\u00bb%%36%%\u00bb icon_placement=\u00bbleft\u00bb use_icon_font_size=\u00bbon\u00bb icon_font_size=\u00bb54px\u00bb _builder_version=\u00bb3.21.1&#8243; header_font_size=\u00bb19px\u00bb body_font_size=\u00bb15px\u00bb custom_padding=\u00bb||30px\u00bb]<p>Mindfulness y Felicidad empresarial &#8211; Asume el Riesgo en conciencia plena de ser feliz<\/p>\n<p><span style=\"color: #993300;\"><strong>Maria Alejandra Echeverry<\/strong> &#8211; Gestora de Felicidad<\/span><br \/> <span style=\"color: #993300;\"><strong>Camila Echeverry<\/strong> &#8211; Gestora emocional de Sorella &#8211; Direccionamiento Emocional<\/span><\/p>[\/et_pb_blurb][et_pb_code _builder_version=\u00bb3.19.9&#8243;]<script><!-- [et_pb_line_break_holder] -->jQuery(function(){<!-- [et_pb_line_break_holder] -->  jQuery(\"#inversion\").click(function(){<!-- [et_pb_line_break_holder] -->    jQuery(\"#popup\").css(\"display\", \"block\");<!-- [et_pb_line_break_holder] -->  });<!-- [et_pb_line_break_holder] -->  <!-- [et_pb_line_break_holder] -->  jQuery(\"#close\").click(function(){<!-- [et_pb_line_break_holder] -->    jQuery(\"#popup\").css(\"display\", \"none\");<!-- [et_pb_line_break_holder] -->  });<!-- [et_pb_line_break_holder] -->  <!-- [et_pb_line_break_holder] -->});<!-- [et_pb_line_break_holder] --><\/script>[\/et_pb_code][\/et_pb_column][et_pb_column type=\u00bb1_4&#8243; _builder_version=\u00bb3.25&#8243; custom_padding=\u00bb|||\u00bb custom_padding__hover=\u00bb|||\u00bb][et_pb_button button_url=\u00bbhttps:\/\/eventoscicloderiesgo.com\/old\/wp-content\/uploads\/2019\/B2B-&#038;-B2C-Finance-Day\/Memorias\/9-CAMILA-Y-MARIA-ALEJANDRA-ECHEVERRY-JUEVES-5-PM-FELICIDAD-EMPRESARIAL.pptx\u00bb url_new_window=\u00bbon\u00bb button_text=\u00bbDescargar\u00bb _builder_version=\u00bb3.21.1&#8243; custom_button=\u00bbon\u00bb button_text_size=\u00bb16px\u00bb button_text_color=\u00bb#005794&#8243; button_bg_use_color_gradient=\u00bbon\u00bb button_bg_color_gradient_start=\u00bbrgba(229,22,0,0)\u00bb button_bg_color_gradient_end=\u00bbrgba(221,144,0,0)\u00bb button_border_radius=\u00bb8px\u00bb button_font=\u00bb||||||||\u00bb button_icon=\u00bb%%1%%\u00bb button_on_hover=\u00bboff\u00bb box_shadow_style=\u00bbpreset3&#8243;][\/et_pb_button][\/et_pb_column][\/et_pb_row][\/et_pb_section]\n","protected":false},"excerpt":{"rendered":"<p>Memorias Del EventoRetos y Oportunidades en el avanzar de la Disrupci\u00f3n y la innovaci\u00f3n en la Gesti\u00f3n Empresarial Mar\u00eda Victoria Manajarr\u00e9s Gerente de Innovaci\u00f3n y Transformaci\u00f3n del Grupo R\u00e9ditos operador de la Red de Servicios GanaGesti\u00f3n Inteligente del Ciclo de Financiaci\u00f3n Mauricio Rojas CEO Reds@KINGS Company LLS \/ Florida USAMatrimonio por Conveniencia &#8211; Financiaci\u00f3n en [&hellip;]<\/p>\n","protected":false},"author":1,"featured_media":0,"parent":0,"menu_order":0,"comment_status":"closed","ping_status":"closed","template":"","meta":{"_et_pb_use_builder":"on","_et_pb_old_content":"","_et_gb_content_width":"","footnotes":""},"class_list":["post-1148","page","type-page","status-publish","hentry"],"_links":{"self":[{"href":"https:\/\/eventoscicloderiesgo.com\/old\/wp-json\/wp\/v2\/pages\/1148","targetHints":{"allow":["GET"]}}],"collection":[{"href":"https:\/\/eventoscicloderiesgo.com\/old\/wp-json\/wp\/v2\/pages"}],"about":[{"href":"https:\/\/eventoscicloderiesgo.com\/old\/wp-json\/wp\/v2\/types\/page"}],"author":[{"embeddable":true,"href":"https:\/\/eventoscicloderiesgo.com\/old\/wp-json\/wp\/v2\/users\/1"}],"replies":[{"embeddable":true,"href":"https:\/\/eventoscicloderiesgo.com\/old\/wp-json\/wp\/v2\/comments?post=1148"}],"version-history":[{"count":0,"href":"https:\/\/eventoscicloderiesgo.com\/old\/wp-json\/wp\/v2\/pages\/1148\/revisions"}],"wp:attachment":[{"href":"https:\/\/eventoscicloderiesgo.com\/old\/wp-json\/wp\/v2\/media?parent=1148"}],"curies":[{"name":"wp","href":"https:\/\/api.w.org\/{rel}","templated":true}]}}