{"id":1949,"date":"2020-01-15T23:26:12","date_gmt":"2020-01-15T23:26:12","guid":{"rendered":"https:\/\/eventoscicloderiesgo.com\/?page_id=1949"},"modified":"2021-03-01T19:59:40","modified_gmt":"2021-03-01T19:59:40","slug":"summit-2-2020","status":"publish","type":"page","link":"https:\/\/eventoscicloderiesgo.com\/old\/summit-2-2020\/","title":{"rendered":"SUMMIT 2020"},"content":{"rendered":"<p>[et_pb_section fb_built=\u00bb1&#8243; _builder_version=\u00bb3.22&#8243; custom_padding=\u00bb3px|0px|54px|0px|false|false\u00bb da_disable_devices=\u00bboff|off|off\u00bb da_is_popup=\u00bboff\u00bb da_exit_intent=\u00bboff\u00bb da_has_close=\u00bbon\u00bb da_alt_close=\u00bboff\u00bb da_dark_close=\u00bboff\u00bb da_not_modal=\u00bbon\u00bb da_is_singular=\u00bboff\u00bb da_has_shadow=\u00bbon\u00bb][et_pb_row column_structure=\u00bb2_5,3_5&#8243; use_custom_gutter=\u00bbon\u00bb gutter_width=\u00bb2&#8243; module_class=\u00bb et_pb_row_fullwidth\u00bb _builder_version=\u00bb3.25&#8243; width=\u00bb94%\u00bb width_tablet=\u00bb80%\u00bb width_phone=\u00bb\u00bb width_last_edited=\u00bbon|desktop\u00bb max_width=\u00bb94%\u00bb max_width_tablet=\u00bb80%\u00bb max_width_phone=\u00bb\u00bb max_width_last_edited=\u00bbon|desktop\u00bb custom_padding=\u00bb52px|0px|27px|0px|false|false\u00bb make_fullwidth=\u00bbon\u00bb][et_pb_column type=\u00bb2_5&#8243; _builder_version=\u00bb3.25&#8243; custom_padding=\u00bb|||\u00bb custom_padding__hover=\u00bb|||\u00bb][et_pb_image src=\u00bbhttps:\/\/eventoscicloderiesgo.com\/old\/wp-content\/uploads\/2020\/01\/SUMMIT2020\/Logo_Summit_2020_carmel_club.jpg\u00bb align=\u00bbcenter\u00bb align_tablet=\u00bbcenter\u00bb align_phone=\u00bb\u00bb align_last_edited=\u00bbon|desktop\u00bb disabled_on=\u00bbon|on|on\u00bb _builder_version=\u00bb4.3.2&#8243; border_radii=\u00bbon|11px|11px|11px|11px\u00bb disabled=\u00bbon\u00bb][\/et_pb_image][et_pb_text _builder_version=\u00bb4.3.2&#8243; text_font=\u00bb|800||on|||||\u00bb text_font_size=\u00bb22px\u00bb header_2_font=\u00bb|800|||||||\u00bb header_2_font_size=\u00bb32px\u00bb use_background_color_gradient=\u00bbon\u00bb background_color_gradient_start=\u00bb#00f2ff\u00bb background_color_gradient_end=\u00bb#002d6d\u00bb background_color_gradient_type=\u00bbradial\u00bb text_orientation=\u00bbcenter\u00bb background_layout=\u00bbdark\u00bb custom_padding=\u00bb20px|20px|20px|20px|true|true\u00bb border_radii=\u00bbon|10px|10px|10px|10px\u00bb border_color_all=\u00bb#ffffff\u00bb box_shadow_style=\u00bbpreset3&#8243;]<\/p>\n<h2><a style=\"text-decoration: underline;\" href=\"https:\/\/eventoscicloderiesgo.com\/old\/wp-content\/uploads\/2020\/03\/01_Agenda_Summit.pdf\">Agenda Acad\u00e9mica<\/a><\/h2>\n<p>[\/et_pb_text][et_pb_text _builder_version=\u00bb4.3.2&#8243; text_font=\u00bb|800||on|||||\u00bb text_font_size=\u00bb22px\u00bb header_2_font=\u00bb|800|||||||\u00bb header_2_font_size=\u00bb32px\u00bb use_background_color_gradient=\u00bbon\u00bb background_color_gradient_start=\u00bb#00ef4b\u00bb background_color_gradient_end=\u00bb#00631d\u00bb background_color_gradient_type=\u00bbradial\u00bb text_orientation=\u00bbcenter\u00bb background_layout=\u00bbdark\u00bb custom_padding=\u00bb20px|20px|20px|20px|true|true\u00bb border_radii=\u00bbon|10px|10px|10px|10px\u00bb border_color_all=\u00bb#ffffff\u00bb box_shadow_style=\u00bbpreset3&#8243;]<\/p>\n<h2><a style=\"text-decoration: underline;\" href=\"https:\/\/eventoscicloderiesgo.com\/old\/wp-content\/uploads\/2020\/03\/Plano_Summit.jpg\">Plano del evento<\/a><\/h2>\n<p>[\/et_pb_text][et_pb_image src=\u00bbhttps:\/\/eventoscicloderiesgo.com\/old\/wp-content\/uploads\/2020\/01\/SUMMIT2020\/image.png\u00bb align_tablet=\u00bbcenter\u00bb align_phone=\u00bb\u00bb align_last_edited=\u00bbon|desktop\u00bb disabled_on=\u00bboff|on|on\u00bb _builder_version=\u00bb4.3.2&#8243; border_radii=\u00bbon|10px|10px|10px|10px\u00bb][\/et_pb_image][et_pb_blurb title=\u00bb\u00bfPor qu\u00e9  Asistir?\u00bb url_new_window=\u00bbon\u00bb use_icon=\u00bbon\u00bb font_icon=\u00bb%%84%%\u00bb icon_color=\u00bb#aa1b1f\u00bb icon_placement=\u00bbleft\u00bb use_icon_font_size=\u00bbon\u00bb icon_font_size=\u00bb60px\u00bb _builder_version=\u00bb4.3.2&#8243; header_font=\u00bb||||||||\u00bb header_font_size=\u00bb22px\u00bb body_font=\u00bb||||||||\u00bb body_font_size=\u00bb18px\u00bb background_color=\u00bb#efefef\u00bb custom_padding=\u00bb20px|8px|20px|8px|true|true\u00bb link_option_url=\u00bb#porque_popup\u00bb link_option_url_new_window=\u00bbon\u00bb hover_enabled=\u00bb0&#8243; border_radii=\u00bbon|10px|10px|10px|10px\u00bb]Descubra c\u00f3mo se diferenciar\u00e1n <strong><span style=\"color: #3366ff; text-decoration: underline;\">los nuevos l\u00edderes del mercado<\/span><\/strong>[\/et_pb_blurb][et_pb_blurb title=\u00bbBrochure Completo\u00bb url_new_window=\u00bbon\u00bb use_icon=\u00bbon\u00bb font_icon=\u00bb%%124%%\u00bb icon_color=\u00bb#aa1b1f\u00bb icon_placement=\u00bbleft\u00bb use_icon_font_size=\u00bbon\u00bb icon_font_size=\u00bb60px\u00bb _builder_version=\u00bb4.3.2&#8243; header_font=\u00bb||||||||\u00bb header_font_size=\u00bb22px\u00bb body_font=\u00bb||||||||\u00bb body_font_size=\u00bb18px\u00bb background_color=\u00bb#efefef\u00bb custom_padding=\u00bb20px|8px|20px|8px|true|true\u00bb link_option_url=\u00bbhttps:\/\/eventoscicloderiesgo.com\/old\/wp-content\/uploads\/2020\/01\/SUMMIT2020\/Brochure_SUMMIT_Asistentes-5.pdf\u00bb link_option_url_new_window=\u00bbon\u00bb border_radii=\u00bbon|10px|10px|10px|10px\u00bb]<\/p>\n<p>Descargue el PDF del <span style=\"text-decoration: underline;\"><strong><span style=\"color: #3366ff; text-decoration: underline;\">Brochure Completo del evento<\/span><\/strong><\/span>.<\/p>\n<p>[\/et_pb_blurb][et_pb_blurb title=\u00bbAgenda Completa\u00bb url_new_window=\u00bbon\u00bb use_icon=\u00bbon\u00bb font_icon=\u00bb%%128%%\u00bb icon_color=\u00bb#aa1b1f\u00bb icon_placement=\u00bbleft\u00bb use_icon_font_size=\u00bbon\u00bb icon_font_size=\u00bb60px\u00bb _builder_version=\u00bb4.3.2&#8243; header_font=\u00bb||||||||\u00bb header_font_size=\u00bb22px\u00bb body_font=\u00bb||||||||\u00bb body_font_size=\u00bb18px\u00bb background_color=\u00bb#efefef\u00bb custom_padding=\u00bb20px|8px|20px|8px|true|true\u00bb link_option_url=\u00bbhttps:\/\/eventoscicloderiesgo.com\/old\/wp-content\/uploads\/2020\/03\/01_Agenda_Summit.pdf\u00bb link_option_url_new_window=\u00bbon\u00bb border_radii=\u00bbon|10px|10px|10px|10px\u00bb]<\/p>\n<p>Descargue el PDF de la <strong><span style=\"text-decoration: underline; color: #0000ff;\"><span style=\"color: #3366ff; text-decoration: underline;\">agenda acad\u00e9mica<\/span> <\/span><\/strong>.<\/p>\n<p>[\/et_pb_blurb][et_pb_blurb title=\u00bbAgenda 6 Sesiones\u00bb use_icon=\u00bbon\u00bb font_icon=\u00bb%%128%%\u00bb icon_color=\u00bb#aa1b1f\u00bb icon_placement=\u00bbleft\u00bb use_icon_font_size=\u00bbon\u00bb icon_font_size=\u00bb60px\u00bb disabled_on=\u00bbon|on|on\u00bb _builder_version=\u00bb4.3.2&#8243; header_font=\u00bb||||||||\u00bb header_font_size=\u00bb22px\u00bb body_font=\u00bb||||||||\u00bb body_font_size=\u00bb18px\u00bb background_color=\u00bb#efefef\u00bb custom_padding=\u00bb20px|8px|20px|8px|true|true\u00bb link_option_url_new_window=\u00bbon\u00bb border_radii=\u00bbon|10px|10px|10px|10px\u00bb]Track especializados paralelos[\/et_pb_blurb][et_pb_blurb title=\u00bbAgenda WorkShop\u00bb use_icon=\u00bbon\u00bb font_icon=\u00bb%%128%%\u00bb icon_color=\u00bb#aa1b1f\u00bb icon_placement=\u00bbleft\u00bb use_icon_font_size=\u00bbon\u00bb icon_font_size=\u00bb60px\u00bb disabled_on=\u00bbon|on|on\u00bb _builder_version=\u00bb4.3.2&#8243; header_font=\u00bb||||||||\u00bb header_font_size=\u00bb22px\u00bb body_font=\u00bb||||||||\u00bb body_font_size=\u00bb18px\u00bb background_color=\u00bb#efefef\u00bb custom_padding=\u00bb20px|8px|20px|8px|true|true\u00bb link_option_url_new_window=\u00bbon\u00bb border_radii=\u00bbon|10px|10px|10px|10px\u00bb]Track especializados paralelos[\/et_pb_blurb][et_pb_blurb title=\u00bbAgenda Ciclo de Riesgo FEST\u00bb use_icon=\u00bbon\u00bb font_icon=\u00bb%%128%%\u00bb icon_color=\u00bb#aa1b1f\u00bb icon_placement=\u00bbleft\u00bb use_icon_font_size=\u00bbon\u00bb icon_font_size=\u00bb60px\u00bb disabled_on=\u00bbon|on|on\u00bb _builder_version=\u00bb4.3.2&#8243; header_font=\u00bb||||||||\u00bb header_font_size=\u00bb22px\u00bb body_font=\u00bb||||||||\u00bb body_font_size=\u00bb18px\u00bb background_color=\u00bb#efefef\u00bb custom_padding=\u00bb20px|8px|20px|8px|true|true\u00bb link_option_url_new_window=\u00bbon\u00bb border_radii=\u00bbon|10px|10px|10px|10px\u00bb disabled=\u00bbon\u00bb]<\/p>\n<p>Agenda Actividades<br \/><img loading=\"lazy\" decoding=\"async\" src=\"https:\/\/eventoscicloderiesgo.com\/old\/wp-content\/uploads\/2020\/01\/SUMMIT2020\/Ciclo_FEST_Ver_trnasparente-300x77.png\" width=\"300\" height=\"77\" alt=\"\" class=\"wp-image-1979 alignnone size-medium\" \/><\/p>\n<p>[\/et_pb_blurb][et_pb_blurb title=\u00bbMapa Ubicaci\u00f3n Sesiones y  Actividades \u00bb use_icon=\u00bbon\u00bb font_icon=\u00bb%%16%%\u00bb icon_color=\u00bb#aa1b1f\u00bb icon_placement=\u00bbleft\u00bb use_icon_font_size=\u00bbon\u00bb icon_font_size=\u00bb60px\u00bb disabled_on=\u00bbon|on|on\u00bb _builder_version=\u00bb4.3.2&#8243; header_font=\u00bb||||||||\u00bb header_font_size=\u00bb22px\u00bb body_font=\u00bb||||||||\u00bb body_font_size=\u00bb18px\u00bb background_color=\u00bb#efefef\u00bb custom_padding=\u00bb20px|8px|20px|8px|true|true\u00bb border_radii=\u00bbon|10px|10px|10px|10px\u00bb disabled=\u00bbon\u00bb]Detalles de la\u00a0<span style=\"text-decoration: underline; color: #3366ff;\"><strong><a class=\"foobox\" href=\"https:\/\/eventoscicloderiesgo.com\/old\/wp-content\/uploads\/2020\/01\/SUMMIT2020\/Afiche_Summit_2020-Preventa-.jpg\" style=\"color: #3366ff; text-decoration: underline;\">inversi\u00f3n\u00a0y descuentos<\/a><\/strong><\/span>[\/et_pb_blurb][et_pb_blurb title=\u00bbValor de la Inversi\u00f3n\u00bb url_new_window=\u00bbon\u00bb use_icon=\u00bbon\u00bb font_icon=\u00bb%%155%%\u00bb icon_color=\u00bb#aa1b1f\u00bb icon_placement=\u00bbleft\u00bb use_icon_font_size=\u00bbon\u00bb icon_font_size=\u00bb60px\u00bb _builder_version=\u00bb4.3.2&#8243; header_font=\u00bb||||||||\u00bb header_font_size=\u00bb22px\u00bb body_font=\u00bb||||||||\u00bb body_font_size=\u00bb18px\u00bb background_color=\u00bb#efefef\u00bb custom_padding=\u00bb20px|8px|20px|8px|true|true\u00bb link_option_url=\u00bbhttps:\/\/eventoscicloderiesgo.com\/old\/wp-content\/uploads\/2020\/01\/SUMMIT2020\/Afiche_Summit_2020-1.jpg\u00bb border_radii=\u00bbon|10px|10px|10px|10px\u00bb]Detalles y tarifas de la\u00a0<span style=\"text-decoration: underline; color: #3366ff;\"><strong>inversi\u00f3n<\/strong><\/span>[\/et_pb_blurb][et_pb_blurb title=\u00bbFormulario de Inscripci\u00f3n\u00bb use_icon=\u00bbon\u00bb font_icon=\u00bb%%75%%\u00bb icon_color=\u00bb#aa1b1f\u00bb icon_placement=\u00bbleft\u00bb use_icon_font_size=\u00bbon\u00bb icon_font_size=\u00bb60px\u00bb _builder_version=\u00bb4.3.2&#8243; header_font=\u00bb||||||||\u00bb header_font_size=\u00bb22px\u00bb body_font=\u00bb||||||||\u00bb body_font_size=\u00bb18px\u00bb background_color=\u00bb#efefef\u00bb custom_padding=\u00bb20px|8px|20px|8px|true|true\u00bb link_option_url=\u00bbhttps:\/\/eventoscicloderiesgo.com\/old\/wp-content\/uploads\/2020\/01\/SUMMIT2020\/Ciclo_de_Riesgo_Summit_2020_Formulario_Inscripcion.xlsx\u00bb border_radii=\u00bbon|10px|10px|10px|10px\u00bb]Descargue el <span style=\"text-decoration: underline;\"><strong><span style=\"color: #3366ff; text-decoration: underline;\">formato de inscripci\u00f3n<\/span><\/strong><\/span>.[\/et_pb_blurb][et_pb_blurb title=\u00bbAlojamiento\u00bb url_new_window=\u00bbon\u00bb use_icon=\u00bbon\u00bb font_icon=\u00bb%%161%%\u00bb icon_color=\u00bb#aa1b1f\u00bb icon_placement=\u00bbleft\u00bb use_icon_font_size=\u00bbon\u00bb icon_font_size=\u00bb60px\u00bb _builder_version=\u00bb4.3.2&#8243; header_font=\u00bb||||||||\u00bb header_font_size=\u00bb22px\u00bb body_font=\u00bb||||||||\u00bb body_font_size=\u00bb18px\u00bb background_color=\u00bb#efefef\u00bb custom_padding=\u00bb20px|8px|20px|8px|true|true\u00bb link_option_url=\u00bbhttps:\/\/eventoscicloderiesgo.com\/old\/wp-content\/uploads\/2020\/01\/SUMMIT2020\/Hoteles_Summit_11_02_2020.pdf\u00bb border_radii=\u00bbon|10px|10px|10px|10px\u00bb]<\/p>\n<p>Detalles de los <span style=\"color: #3366ff;\"><strong><span style=\"text-decoration: underline;\">hoteles oficiales<\/span><\/strong><\/span> para los eventos<\/p>\n<p>[\/et_pb_blurb][et_pb_blurb title=\u00bbGaler\u00eda Fotogr\u00e1fica\u00bb use_icon=\u00bbon\u00bb font_icon=\u00bb%%108%%\u00bb icon_color=\u00bb#aa1b1f\u00bb icon_placement=\u00bbleft\u00bb use_icon_font_size=\u00bbon\u00bb icon_font_size=\u00bb60px\u00bb disabled_on=\u00bbon|on|on\u00bb _builder_version=\u00bb3.21.1&#8243; header_font=\u00bb||||||||\u00bb header_font_size=\u00bb22px\u00bb body_font=\u00bb||||||||\u00bb body_font_size=\u00bb18px\u00bb background_color=\u00bb#efefef\u00bb custom_padding=\u00bb20px|8px|20px|8px|true|true\u00bb border_radii=\u00bbon|10px|10px|10px|10px\u00bb disabled=\u00bbon\u00bb]<\/p>\n<p>D\u00e9se una pasada por el registro fotogr\u00e1fico de este evento<\/p>\n<p>[\/et_pb_blurb][et_pb_blurb title=\u00bbMemorias\u00bb use_icon=\u00bbon\u00bb font_icon=\u00bb%%72%%\u00bb icon_color=\u00bb#aa1b1f\u00bb icon_placement=\u00bbleft\u00bb use_icon_font_size=\u00bbon\u00bb icon_font_size=\u00bb60px\u00bb disabled_on=\u00bboff|off|off\u00bb _builder_version=\u00bb4.4.1&#8243; _dynamic_attributes=\u00bblink_option_url\u00bb header_font=\u00bb||||||||\u00bb header_font_size=\u00bb22px\u00bb body_font=\u00bb||||||||\u00bb body_font_size=\u00bb18px\u00bb background_color=\u00bb#efefef\u00bb custom_padding=\u00bb20px|8px|20px|8px|true|true\u00bb link_option_url=\u00bb@ET-DC@eyJkeW5hbWljIjp0cnVlLCJjb250ZW50IjoicG9zdF9saW5rX3VybF9wYWdlIiwic2V0dGluZ3MiOnsicG9zdF9pZCI6IjIyNDEifX0=@\u00bb hover_enabled=\u00bb0&#8243; border_radii=\u00bbon|10px|10px|10px|10px\u00bb]<\/p>\n<p><span style=\"text-decoration: underline;\"><strong><a href=\"https:\/\/eventoscicloderiesgo.com\/old\/summit-2020-memorias\/\">Descargue las presentaciones<\/a><\/strong><\/span> de los expositores en el evento<\/p>\n<p>[\/et_pb_blurb][et_pb_code _builder_version=\u00bb3.19.9&#8243;]<script><!-- [et_pb_line_break_holder] -->jQuery(function(){<!-- [et_pb_line_break_holder] -->  jQuery(\"#inversion\").click(function(){<!-- [et_pb_line_break_holder] -->    jQuery(\"#popup\").css(\"display\", \"block\");<!-- [et_pb_line_break_holder] -->  });<!-- [et_pb_line_break_holder] -->  <!-- [et_pb_line_break_holder] -->  jQuery(\"#close\").click(function(){<!-- [et_pb_line_break_holder] -->    jQuery(\"#popup\").css(\"display\", \"none\");<!-- [et_pb_line_break_holder] -->  });<!-- [et_pb_line_break_holder] -->  <!-- [et_pb_line_break_holder] -->});<!-- [et_pb_line_break_holder] --><\/script>[\/et_pb_code][\/et_pb_column][et_pb_column type=\u00bb3_5&#8243; _builder_version=\u00bb3.25&#8243; custom_padding=\u00bb|||\u00bb custom_padding__hover=\u00bb|||\u00bb][et_pb_divider show_divider=\u00bboff\u00bb _builder_version=\u00bb3.19.9&#8243; height=\u00bb57px\u00bb][\/et_pb_divider][et_pb_image src=\u00bbhttps:\/\/eventoscicloderiesgo.com\/old\/wp-content\/uploads\/2020\/01\/SUMMIT2020\/image.png\u00bb url=\u00bbhttps:\/\/eventoscicloderiesgo.com\/old\/wp-content\/uploads\/2020\/01\/SUMMIT2020\/Afiche_Summit_2020_FEB_11.jpg\u00bb url_new_window=\u00bbon\u00bb align_tablet=\u00bbcenter\u00bb align_phone=\u00bb\u00bb align_last_edited=\u00bbon|desktop\u00bb disabled_on=\u00bbon|off|off\u00bb _builder_version=\u00bb4.3.2&#8243; border_radii=\u00bbon|10px|10px|10px|10px\u00bb][\/et_pb_image][\/et_pb_column][\/et_pb_row][\/et_pb_section][et_pb_section fb_built=\u00bb1&#8243; module_id=\u00bbporque_popup\u00bb module_class=\u00bbpopup\u00bb _builder_version=\u00bb4.3.2&#8243; width=\u00bb80%\u00bb module_alignment=\u00bbcenter\u00bb hover_enabled=\u00bb0&#8243; da_is_popup=\u00bbon\u00bb da_popup_slug=\u00bbporque_popup\u00bb da_disable_devices=\u00bboff|off|off\u00bb da_exit_intent=\u00bboff\u00bb da_has_close=\u00bbon\u00bb da_alt_close=\u00bboff\u00bb da_dark_close=\u00bboff\u00bb da_not_modal=\u00bbon\u00bb da_is_singular=\u00bboff\u00bb da_has_shadow=\u00bbon\u00bb][et_pb_row _builder_version=\u00bb4.3.2&#8243;][et_pb_column type=\u00bb4_4&#8243; _builder_version=\u00bb4.3.2&#8243;][et_pb_text _builder_version=\u00bb4.3.2&#8243;]<\/p>\n<h2 style=\"text-align: center;\"><strong>\u00bfPorque asistir al Ciclo de Riesgo SUMMIT? <\/strong><\/h2>\n<p>&nbsp;<\/p>\n<p>Cada a\u00f1o la revista Ciclo de Riesgo organiza con gran \u00e8xito su congreso anual, el que, en esta, su d\u00e8cima versi\u00f2n se ha denominado: El <strong>Ciclo de Riesgo SUMMIT<\/strong>, y se efectuar\u00e0 los d\u00edas 11 y 12 de marzo en el Carmel Club Campestre de Bogot\u00e1, constituy\u00e9ndose en un EVENTO DIFERENTE con una agenda INSPIRADORA en la que los asistentes dise\u00f1an su propia experiencia seg\u00fan sus intereses, su mercado, tipo de cartera y los aceleradores que necesita su compa\u00f1\u00eda para avanzar al siguiente nivel.<\/p>\n<p>&nbsp;<\/p>\n<p>La nueva inteligencia del cr\u00e9dito y la cobranza en la era post digital, es el tema que enmarca el congreso, bajo el entendido que inicia una d\u00e9cada en la que la mayor\u00eda de las organizaciones habr\u00e1n completado su transformaci\u00f3n digital.<\/p>\n<p>La tecnolog\u00eda y la digitalizaci\u00f3n \u00a0ya no son ventajas diferenciales, sin embargo su impacto apenas comienza a cambiar la relaci\u00f3n entre empresas, clientes y stakeholders. Un panorama altamente desafiante con nuevos riesgos y oportunidades para la industria del cr\u00e9dito y la cobranza <strong>\u00bfC\u00f3mo se diferenciar\u00e1n los nuevos l\u00edderes del mercado?<\/strong><\/p>\n<p>&nbsp;<\/p>\n<p>Sin duda la capacidad de inspirar y retar la zona de confort de los modelos de negocio, es uno de los objetivos del SUMMIT, en el que se espera que los asistentes salgan con m\u00e1s preguntas que respuestas.<\/p>\n<p>&nbsp;<\/p>\n<p>El SUMMIT reunir\u00e0 a m\u00e0s de 400 altos ejecutivos de importantes empresas del sector financiero, originadoras de cr\u00e9dito, fintech, microfinancieras, cajas de compensaci\u00f3n familiar, cooperativas, telcos, retail, y empresas del sector real, comercial y servicios, adem\u00e1s de los m\u00e1s importantes aliados de negocio en todo tipo de soluciones, herramientas y tecnolog\u00edas en la cadena de valor del modelo de negocio.\u00a0La agenda acad\u00e9mica profundizar\u00e1 temas de alto impacto en la gesti\u00f3n del riesgo de cr\u00e9dito, gesti\u00f3n de cartera y cobranza, con conferencias en plenaria, paneles y<\/p>\n<p>sesiones paralelas especializadas para las diferentes audiencias que permitan la profundizaci\u00f3n y el debate interactivo, facilitando la incorporaci\u00f3n de potentes herramientas de gesti\u00f3n, mejores pr\u00e1cticas y tendencias construidas a partir de una visi\u00f3n de expertos.<\/p>\n<p>&nbsp;<\/p>\n<p>Por supuesto no faltar\u00e1n los mejores espacios para Net Working, en el ambiente m\u00e1s Trendy de la industria, al mejor estilo Knowledge&amp;Business&amp;Gourmet&amp; Experience, con el Open Credit Coffee, el Business SUMMIT, el WorkShop, y el Ciclo de Riesgo FEST como antesala a la celebraci\u00f3n de aniversario los 10 a\u00f1os de la Revista.\u00a0<\/p>\n<p><span>\u00a0<\/span><\/p>\n<p>&nbsp;<\/p>\n<p><span>\u00a0<\/span><\/p>\n<p>[\/et_pb_text][\/et_pb_column][\/et_pb_row][\/et_pb_section]<\/p>\n","protected":false},"excerpt":{"rendered":"<p>Agenda Acad\u00e9micaPlano del eventoDescubra c\u00f3mo se diferenciar\u00e1n los nuevos l\u00edderes del mercadoDescargue el PDF del Brochure Completo del evento.Descargue el PDF de la agenda acad\u00e9mica .Track especializados paralelosTrack especializados paralelosAgenda ActividadesDetalles de la\u00a0inversi\u00f3n\u00a0y descuentosDetalles y tarifas de la\u00a0inversi\u00f3nDescargue el formato de inscripci\u00f3n.Detalles de los hoteles oficiales para los eventosD\u00e9se una pasada por el registro fotogr\u00e1fico [&hellip;]<\/p>\n","protected":false},"author":1,"featured_media":0,"parent":0,"menu_order":0,"comment_status":"closed","ping_status":"closed","template":"","meta":{"_et_pb_use_builder":"on","_et_pb_old_content":"","_et_gb_content_width":"","footnotes":""},"class_list":["post-1949","page","type-page","status-publish","hentry"],"_links":{"self":[{"href":"https:\/\/eventoscicloderiesgo.com\/old\/wp-json\/wp\/v2\/pages\/1949","targetHints":{"allow":["GET"]}}],"collection":[{"href":"https:\/\/eventoscicloderiesgo.com\/old\/wp-json\/wp\/v2\/pages"}],"about":[{"href":"https:\/\/eventoscicloderiesgo.com\/old\/wp-json\/wp\/v2\/types\/page"}],"author":[{"embeddable":true,"href":"https:\/\/eventoscicloderiesgo.com\/old\/wp-json\/wp\/v2\/users\/1"}],"replies":[{"embeddable":true,"href":"https:\/\/eventoscicloderiesgo.com\/old\/wp-json\/wp\/v2\/comments?post=1949"}],"version-history":[{"count":0,"href":"https:\/\/eventoscicloderiesgo.com\/old\/wp-json\/wp\/v2\/pages\/1949\/revisions"}],"wp:attachment":[{"href":"https:\/\/eventoscicloderiesgo.com\/old\/wp-json\/wp\/v2\/media?parent=1949"}],"curies":[{"name":"wp","href":"https:\/\/api.w.org\/{rel}","templated":true}]}}