{"id":279,"date":"2019-01-30T22:46:30","date_gmt":"2019-01-30T22:46:30","guid":{"rendered":"https:\/\/eventoscicloderiesgo.com\/?page_id=279"},"modified":"2021-03-01T20:07:58","modified_gmt":"2021-03-01T20:07:58","slug":"open-credit-coffee-2019","status":"publish","type":"page","link":"https:\/\/eventoscicloderiesgo.com\/old\/open-credit-coffee-2019\/","title":{"rendered":"Open Credit Coffee"},"content":{"rendered":"<p>[et_pb_section fb_built=\u00bb1&#8243; _builder_version=\u00bb4.9.0&#8243; use_background_color_gradient=\u00bbon\u00bb background_color_gradient_start=\u00bbrgba(0,0,0,0.7)\u00bb background_color_gradient_end=\u00bbrgba(0,0,0,0.46)\u00bb background_color_gradient_overlays_image=\u00bbon\u00bb background_image=\u00bbhttps:\/\/eventoscicloderiesgo.com\/old\/wp-content\/uploads\/2019\/01\/cafe2_400x440.jpg\u00bb custom_padding=\u00bb60px||60px||true|false\u00bb hover_enabled=\u00bb0&#8243; custom_margin=\u00bb-75px||||false|false\u00bb sticky_enabled=\u00bb0&#8243; da_is_popup=\u00bboff\u00bb da_exit_intent=\u00bboff\u00bb da_has_close=\u00bbon\u00bb da_alt_close=\u00bboff\u00bb da_dark_close=\u00bboff\u00bb da_not_modal=\u00bbon\u00bb da_is_singular=\u00bboff\u00bb da_with_loader=\u00bboff\u00bb da_has_shadow=\u00bbon\u00bb da_disable_devices=\u00bboff|off|off\u00bb][et_pb_row column_structure=\u00bb2_5,3_5&#8243; use_custom_gutter=\u00bbon\u00bb gutter_width=\u00bb2&#8243; make_equal=\u00bbon\u00bb module_class=\u00bb et_pb_row_fullwidth\u00bb _builder_version=\u00bb3.25&#8243; width=\u00bb94%\u00bb width_tablet=\u00bb80%\u00bb width_phone=\u00bb\u00bb width_last_edited=\u00bbon|desktop\u00bb max_width=\u00bb94%\u00bb max_width_tablet=\u00bb80%\u00bb max_width_phone=\u00bb\u00bb max_width_last_edited=\u00bbon|desktop\u00bb custom_padding=\u00bb52px|0px||0px|false|false\u00bb make_fullwidth=\u00bbon\u00bb][et_pb_column type=\u00bb2_5&#8243; _builder_version=\u00bb3.25&#8243; custom_padding=\u00bb|||\u00bb custom_padding__hover=\u00bb|||\u00bb][et_pb_image src=\u00bbhttps:\/\/eventoscicloderiesgo.com\/old\/wp-content\/uploads\/2019\/01\/Open_Credit_Coffee.jpg\u00bb align=\u00bbcenter\u00bb align_tablet=\u00bbcenter\u00bb align_phone=\u00bb\u00bb align_last_edited=\u00bbon|desktop\u00bb _builder_version=\u00bb3.23&#8243;][\/et_pb_image][et_pb_code _builder_version=\u00bb3.19.9&#8243;]<script><!-- [et_pb_line_break_holder] -->jQuery(function(){<!-- [et_pb_line_break_holder] -->  jQuery(\"#inversion\").click(function(){<!-- [et_pb_line_break_holder] -->    jQuery(\"#popup\").css(\"display\", \"block\");<!-- [et_pb_line_break_holder] -->  });<!-- [et_pb_line_break_holder] -->  <!-- [et_pb_line_break_holder] -->  jQuery(\"#close\").click(function(){<!-- [et_pb_line_break_holder] -->    jQuery(\"#popup\").css(\"display\", \"none\");<!-- [et_pb_line_break_holder] -->  });<!-- [et_pb_line_break_holder] -->  <!-- [et_pb_line_break_holder] -->});<!-- [et_pb_line_break_holder] --><\/script>[\/et_pb_code][\/et_pb_column][et_pb_column type=\u00bb3_5&#8243; _builder_version=\u00bb3.25&#8243; custom_padding=\u00bb|||\u00bb custom_padding__hover=\u00bb|||\u00bb][et_pb_blurb title=\u00bbOPEN CREDIT COFFEE\u00bb image=\u00bbhttps:\/\/eventoscicloderiesgo.com\/old\/wp-content\/uploads\/2019\/03\/Caf\u00e9-San-Alberto-.png\u00bb image_max_width=\u00bb78px\u00bb content_max_width=\u00bb90%\u00bb _builder_version=\u00bb3.20.2&#8243; header_level=\u00bbh2&#8243; header_font=\u00bb|600||on|||||\u00bb header_text_align=\u00bbcenter\u00bb header_text_color=\u00bb#ffcc00&#8243; header_font_size=\u00bb30px\u00bb header_letter_spacing=\u00bb1px\u00bb body_font=\u00bb|300|||||||\u00bb body_text_align=\u00bbcenter\u00bb body_text_color=\u00bb#ffcc00&#8243; body_font_size=\u00bb22px\u00bb background_color_gradient_direction=\u00bb259deg\u00bb max_width=\u00bb91%\u00bb module_alignment=\u00bbleft\u00bb custom_margin=\u00bb||\u00bb custom_padding=\u00bb23px||23px||true|true\u00bb border_radii=\u00bbon|10px|10px|10px|10px\u00bb]<\/p>\n<p>La Esquina m\u00e1s TRENDY de la industria financiera<\/p>\n<p>[\/et_pb_blurb][\/et_pb_column][\/et_pb_row][\/et_pb_section][et_pb_section fb_built=\u00bb1&#8243; specialty=\u00bbon\u00bb _builder_version=\u00bb3.22&#8243; use_background_color_gradient=\u00bbon\u00bb background_color_gradient_start=\u00bb#ffffff\u00bb background_color_gradient_end=\u00bb#e2e2e2&#8243; da_is_popup=\u00bboff\u00bb da_exit_intent=\u00bboff\u00bb da_has_close=\u00bbon\u00bb da_alt_close=\u00bboff\u00bb da_dark_close=\u00bboff\u00bb da_not_modal=\u00bbon\u00bb da_is_singular=\u00bboff\u00bb da_with_loader=\u00bboff\u00bb da_has_shadow=\u00bbon\u00bb da_disable_devices=\u00bboff|off|off\u00bb][et_pb_column type=\u00bb1_2&#8243; specialty_columns=\u00bb2&#8243; _builder_version=\u00bb3.25&#8243; custom_padding=\u00bb|||\u00bb parallax__hover=\u00bboff\u00bb parallax_method__hover=\u00bbon\u00bb custom_padding__hover=\u00bb|||\u00bb][et_pb_row_inner column_structure=\u00bb1_2,1_2&#8243; _builder_version=\u00bb3.25&#8243;][et_pb_column_inner type=\u00bb1_2&#8243; saved_specialty_column_type=\u00bb1_2&#8243; _builder_version=\u00bb3.25&#8243; custom_padding=\u00bb|||\u00bb parallax__hover=\u00bboff\u00bb parallax_method__hover=\u00bbon\u00bb custom_padding__hover=\u00bb|||\u00bb][et_pb_image src=\u00bbhttps:\/\/eventoscicloderiesgo.com\/old\/wp-content\/uploads\/2019\/01\/cafe1_400x440.jpg\u00bb align_tablet=\u00bbcenter\u00bb align_phone=\u00bb\u00bb align_last_edited=\u00bbon|desktop\u00bb disabled_on=\u00bbon|off|off\u00bb _builder_version=\u00bb3.23&#8243; custom_margin=\u00bb55px||\u00bb][\/et_pb_image][et_pb_image src=\u00bbhttps:\/\/eventoscicloderiesgo.com\/old\/wp-content\/uploads\/2019\/01\/cafe2_400x440.jpg\u00bb align_tablet=\u00bbcenter\u00bb align_phone=\u00bb\u00bb align_last_edited=\u00bbon|desktop\u00bb disabled_on=\u00bbon|off|off\u00bb _builder_version=\u00bb3.23&#8243; custom_margin=\u00bb30px||\u00bb][\/et_pb_image][\/et_pb_column_inner][et_pb_column_inner type=\u00bb1_2&#8243; saved_specialty_column_type=\u00bb1_2&#8243; _builder_version=\u00bb3.25&#8243; custom_padding=\u00bb|||\u00bb parallax__hover=\u00bboff\u00bb parallax_method__hover=\u00bbon\u00bb custom_padding__hover=\u00bb|||\u00bb][et_pb_image src=\u00bbhttps:\/\/eventoscicloderiesgo.com\/old\/wp-content\/uploads\/2019\/01\/cafe3_400x440.jpg\u00bb align_tablet=\u00bbcenter\u00bb align_phone=\u00bb\u00bb align_last_edited=\u00bbon|desktop\u00bb disabled_on=\u00bbon|off|off\u00bb _builder_version=\u00bb3.23&#8243; custom_margin=\u00bb|||\u00bb custom_padding=\u00bb|||\u00bb][\/et_pb_image][et_pb_image src=\u00bbhttps:\/\/eventoscicloderiesgo.com\/old\/wp-content\/uploads\/2019\/01\/cafe4_400x440.jpg\u00bb align_tablet=\u00bbcenter\u00bb align_phone=\u00bb\u00bb align_last_edited=\u00bbon|desktop\u00bb disabled_on=\u00bbon|off|off\u00bb _builder_version=\u00bb3.23&#8243; custom_margin=\u00bb30px|||\u00bb custom_padding=\u00bb|||\u00bb][\/et_pb_image][\/et_pb_column_inner][\/et_pb_row_inner][et_pb_row_inner _builder_version=\u00bb3.25&#8243;][et_pb_column_inner saved_specialty_column_type=\u00bb1_2&#8243; _builder_version=\u00bb3.25&#8243; custom_padding=\u00bb|||\u00bb parallax__hover=\u00bboff\u00bb parallax_method__hover=\u00bbon\u00bb custom_padding__hover=\u00bb|||\u00bb][et_pb_blurb title=\u00bbAgenda\u00bb url_new_window=\u00bbon\u00bb use_icon=\u00bbon\u00bb font_icon=\u00bb%%128%%\u00bb icon_color=\u00bb#aa1b1f\u00bb icon_placement=\u00bbleft\u00bb use_icon_font_size=\u00bbon\u00bb icon_font_size=\u00bb60px\u00bb _builder_version=\u00bb3.20.2&#8243; header_font=\u00bb||||||||\u00bb header_font_size=\u00bb22px\u00bb body_font=\u00bb||||||||\u00bb body_font_size=\u00bb18px\u00bb background_color=\u00bb#efefef\u00bb custom_padding=\u00bb8px|8px|8px|8px|true|true\u00bb link_option_url=\u00bbhttps:\/\/eventoscicloderiesgo.com\/old\/wp-content\/uploads\/2019\/03\/Agenda_Open-Credit-Coffee1.jpg\u00bb link_option_url_new_window=\u00bbon\u00bb border_radii=\u00bbon|10px|10px|10px|10px\u00bb]<\/p>\n<p>Muy pronto mayor informaci\u00f3n<\/p>\n<p>[\/et_pb_blurb][et_pb_blurb title=\u00bbGaler\u00eda Fotogr\u00e1fica\u00bb url=\u00bbhttps:\/\/eventoscicloderiesgo.com\/old\/open-credit-coffee-galeria-fotografica\/\u00bb use_icon=\u00bbon\u00bb font_icon=\u00bb%%108%%\u00bb icon_color=\u00bb#aa1b1f\u00bb icon_placement=\u00bbleft\u00bb use_icon_font_size=\u00bbon\u00bb icon_font_size=\u00bb60px\u00bb _builder_version=\u00bb3.21.1&#8243; header_font=\u00bb||||||||\u00bb header_font_size=\u00bb22px\u00bb body_font=\u00bb||||||||\u00bb body_font_size=\u00bb18px\u00bb background_color=\u00bb#efefef\u00bb custom_padding=\u00bb8px|8px|8px|8px|true|true\u00bb link_option_url=\u00bbhttps:\/\/eventoscicloderiesgo.com\/old\/open-credit-coffee-galeria-fotografica\/\u00bb border_radii=\u00bbon|10px|10px|10px|10px\u00bb]D\u00e9se una pasada por el <strong><span style=\"text-decoration: underline;\"><a href=\"https:\/\/eventoscicloderiesgo.com\/old\/open-credit-coffee-galeria-fotografica\/\">registro fotogr\u00e1fico<\/a><\/span><\/strong> de este evento[\/et_pb_blurb][\/et_pb_column_inner][\/et_pb_row_inner][\/et_pb_column][et_pb_column type=\u00bb1_2&#8243; _builder_version=\u00bb3.25&#8243; custom_padding=\u00bb|||\u00bb parallax__hover=\u00bboff\u00bb parallax_method__hover=\u00bbon\u00bb custom_padding__hover=\u00bb|||\u00bb][et_pb_text _builder_version=\u00bb3.27.4&#8243; text_font=\u00bb||||||||\u00bb text_font_size=\u00bb18px\u00bb text_line_height=\u00bb2.1em\u00bb header_font=\u00bb||||||||\u00bb header_2_font=\u00bb|600|||||||\u00bb header_2_font_size=\u00bb48px\u00bb header_2_line_height=\u00bb1.2em\u00bb custom_padding=\u00bb|||50px\u00bb custom_padding_tablet=\u00bb\u00bb custom_padding_phone=\u00bb|||0px\u00bb custom_padding_last_edited=\u00bbon|phone\u00bb]<\/p>\n<h2>PARA UNA SEMANA \u00daNICA &#8230;..\u00a0 <br \/>UN CIERRE \u00daNICO<\/h2>\n<p>[\/et_pb_text][et_pb_gallery gallery_ids=\u00bb368,367,366,365&#8243; fullwidth=\u00bbon\u00bb disabled_on=\u00bboff|on|on\u00bb _builder_version=\u00bb3.19.9&#8243;][\/et_pb_gallery][et_pb_text _builder_version=\u00bb3.27.4&#8243; text_font=\u00bb||||||||\u00bb text_font_size=\u00bb18px\u00bb text_line_height=\u00bb2.1em\u00bb header_font=\u00bb||||||||\u00bb header_2_font=\u00bb|600|||||||\u00bb header_2_font_size=\u00bb48px\u00bb header_2_line_height=\u00bb1.2em\u00bb custom_padding=\u00bb|||50px\u00bb custom_padding_tablet=\u00bb\u00bb custom_padding_phone=\u00bb|||0px\u00bb custom_padding_last_edited=\u00bbon|phone\u00bb]<\/p>\n<p>Acomp\u00e1\u00f1enos el Viernes 22 de Marzo en el Caf\u00e9 San Alberto (Calle. 117 #6A-47) en el SET m\u00f3vil de entrevistas en Vivo \u00a0de la Revista Ciclo de Riesgo, \u00a0el espacio ideal para desarrollar \u00a0Net Working, \u00a0iniciar las mejores conversaciones de negocios \u00a0y compartir mejores pr\u00e1cticas, tendencias de industria, y conocimiento especializado con los altos directivos \u00a0de la industria financiera, \u00a0en la mejor compa\u00f1\u00eda de colegas del mundo del cr\u00e9dito y la cobranza de entidades financieras y las m\u00e1s importantes empresas de todos los sectores de la econom\u00eda, en el mejor ambiente inspirado por el mejor Caf\u00e9, panecillos y deliciosas colaciones<\/p>\n<p>[\/et_pb_text][\/et_pb_column][\/et_pb_section]<\/p>\n","protected":false},"excerpt":{"rendered":"<p>La Esquina m\u00e1s TRENDY de la industria financieraMuy pronto mayor informaci\u00f3nD\u00e9se una pasada por el registro fotogr\u00e1fico de este eventoPARA UNA SEMANA \u00daNICA &#8230;..\u00a0 UN CIERRE \u00daNICOAcomp\u00e1\u00f1enos el Viernes 22 de Marzo en el Caf\u00e9 San Alberto (Calle. 117 #6A-47) en el SET m\u00f3vil de entrevistas en Vivo \u00a0de la Revista Ciclo de Riesgo, \u00a0el [&hellip;]<\/p>\n","protected":false},"author":1,"featured_media":0,"parent":0,"menu_order":0,"comment_status":"closed","ping_status":"closed","template":"","meta":{"_et_pb_use_builder":"on","_et_pb_old_content":"","_et_gb_content_width":"","footnotes":""},"class_list":["post-279","page","type-page","status-publish","hentry"],"_links":{"self":[{"href":"https:\/\/eventoscicloderiesgo.com\/old\/wp-json\/wp\/v2\/pages\/279","targetHints":{"allow":["GET"]}}],"collection":[{"href":"https:\/\/eventoscicloderiesgo.com\/old\/wp-json\/wp\/v2\/pages"}],"about":[{"href":"https:\/\/eventoscicloderiesgo.com\/old\/wp-json\/wp\/v2\/types\/page"}],"author":[{"embeddable":true,"href":"https:\/\/eventoscicloderiesgo.com\/old\/wp-json\/wp\/v2\/users\/1"}],"replies":[{"embeddable":true,"href":"https:\/\/eventoscicloderiesgo.com\/old\/wp-json\/wp\/v2\/comments?post=279"}],"version-history":[{"count":0,"href":"https:\/\/eventoscicloderiesgo.com\/old\/wp-json\/wp\/v2\/pages\/279\/revisions"}],"wp:attachment":[{"href":"https:\/\/eventoscicloderiesgo.com\/old\/wp-json\/wp\/v2\/media?parent=279"}],"curies":[{"name":"wp","href":"https:\/\/api.w.org\/{rel}","templated":true}]}}