{"id":2850,"date":"2020-05-23T22:04:42","date_gmt":"2020-05-23T22:04:42","guid":{"rendered":"https:\/\/eventoscicloderiesgo.com\/?page_id=2850"},"modified":"2023-06-07T13:53:16","modified_gmt":"2023-06-07T13:53:16","slug":"inscripcion-a-evento-expofinanzas-2022","status":"publish","type":"page","link":"https:\/\/eventoscicloderiesgo.com\/old\/inscripciones\/inscripcion-a-evento-expofinanzas-2022\/","title":{"rendered":"Inscripci\u00f3n a Evento Expofinanzas 2022"},"content":{"rendered":"<p>[et_pb_section fb_built=\u00bb1&#8243; _builder_version=\u00bb4.14.8&#8243; background_color=\u00bb#e5e5e5&#8243; background_color_gradient_start=\u00bb#fde9d1&#8243; background_color_gradient_end=\u00bb#c8e5e9&#8243; background_image=\u00bbhttps:\/\/eventoscicloderiesgo.com\/old\/wp-content\/uploads\/2022\/02\/Fachada_1920x1440_20221.jpg\u00bb background_position=\u00bbcenter_right\u00bb custom_margin=\u00bb||||false|false\u00bb custom_padding=\u00bb||0px||false|false\u00bb bottom_divider_height=\u00bb150px\u00bb bottom_divider_flip=\u00bbhorizontal\u00bb hover_enabled=\u00bb0&#8243; background_color_gradient_start_position_phone=\u00bb31%\u00bb background_color_gradient_end_position_phone=\u00bb76%\u00bb da_disable_devices=\u00bboff|off|off\u00bb locked=\u00bboff\u00bb global_colors_info=\u00bb{}\u00bb sticky_enabled=\u00bb0&#8243; use_background_color_gradient=\u00bbon\u00bb background_color_gradient_overlays_image=\u00bbon\u00bb bottom_divider_color=\u00bb#e5e5e5&#8243; da_is_popup=\u00bboff\u00bb da_exit_intent=\u00bboff\u00bb da_has_close=\u00bbon\u00bb da_alt_close=\u00bboff\u00bb da_dark_close=\u00bboff\u00bb da_not_modal=\u00bbon\u00bb da_is_singular=\u00bboff\u00bb da_with_loader=\u00bboff\u00bb da_has_shadow=\u00bbon\u00bb][et_pb_row column_structure=\u00bb1_2,1_2&#8243; use_custom_gutter=\u00bbon\u00bb _builder_version=\u00bb4.14.8&#8243; custom_margin=\u00bb||||false|false\u00bb custom_padding=\u00bb20px|35px|20px|35px|true|true\u00bb hover_enabled=\u00bb0&#8243; locked=\u00bboff\u00bb global_colors_info=\u00bb{}\u00bb background_enable_color=\u00bboff\u00bb sticky_enabled=\u00bb0&#8243; make_equal=\u00bbon\u00bb][et_pb_column type=\u00bb1_2&#8243; _builder_version=\u00bb4.4.6&#8243; global_colors_info=\u00bb{}\u00bb][et_pb_image src=\u00bbhttps:\/\/eventoscicloderiesgo.com\/old\/wp-content\/uploads\/2022\/ExpoCobranzas-marzo\/LOGO-transparente-ExpoCobranzas-sin-margen.png\u00bb _builder_version=\u00bb4.14.8&#8243; _module_preset=\u00bbdefault\u00bb title_text=\u00bbLOGO-transparente-ExpoCobranzas-sin-margen\u00bb hover_enabled=\u00bb0&#8243; sticky_enabled=\u00bb0&#8243; max_width=\u00bb400px\u00bb module_alignment=\u00bbcenter\u00bb custom_margin=\u00bb||10px||false|false\u00bb][\/et_pb_image][et_pb_text _builder_version=\u00bb4.14.8&#8243; _module_preset=\u00bbdefault\u00bb text_text_color=\u00bb#FFFFFF\u00bb text_orientation=\u00bbcenter\u00bb background_color=\u00bb#183d8d\u00bb border_radii=\u00bbon|10px|10px|10px|10px\u00bb text_font=\u00bbQuicksand|600|||||||\u00bb text_font_size=\u00bb22px\u00bb hover_enabled=\u00bb0&#8243; sticky_enabled=\u00bb0&#8243; custom_padding=\u00bb7px||7px||true|false\u00bb custom_margin=\u00bb||10px||false|false\u00bb]<\/p>\n<p>La nueva inteligencia de la Cobranza<\/p>\n<p>[\/et_pb_text][et_pb_text _builder_version=\u00bb4.14.8&#8243; _module_preset=\u00bbdefault\u00bb text_text_color=\u00bb#183d8d\u00bb text_font_size=\u00bb19px\u00bb hover_enabled=\u00bb0&#8243; sticky_enabled=\u00bb0&#8243; text_orientation=\u00bbcenter\u00bb header_3_font_size=\u00bb32px\u00bb header_3_font=\u00bb|800|||||||\u00bb header_3_text_color=\u00bb#f69230&#8243; text_font=\u00bbPoppins|700|||||||\u00bb]<\/p>\n<p>Evento virtual 3D &amp; Live Streaming<\/p>\n<h3>Marzo 14 al 22<\/h3>\n<p>[\/et_pb_text][\/et_pb_column][et_pb_column type=\u00bb1_2&#8243; _builder_version=\u00bb4.14.8&#8243; hover_enabled=\u00bb0&#8243; global_colors_info=\u00bb{}\u00bb sticky_enabled=\u00bb0&#8243; border_radii=\u00bbon|50px|50px|50px|50px\u00bb background_enable_color=\u00bboff\u00bb][et_pb_text _builder_version=\u00bb4.14.8&#8243; header_font=\u00bbQuicksand|700|||||||\u00bb header_letter_spacing=\u00bb1px\u00bb header_line_height=\u00bb1.2em\u00bb custom_margin=\u00bb3%|15px||15px|false|true\u00bb custom_margin_tablet=\u00bb\u00bb custom_margin_phone=\u00bb0px||||false|false\u00bb custom_margin_last_edited=\u00bbon|phone\u00bb hover_enabled=\u00bb0&#8243; text_font_size_tablet=\u00bb\u00bb text_font_size_phone=\u00bb14px\u00bb text_font_size_last_edited=\u00bbon|phone\u00bb header_font_size_tablet=\u00bb\u00bb header_font_size_phone=\u00bb18px\u00bb header_font_size_last_edited=\u00bbon|phone\u00bb text_orientation_tablet=\u00bb\u00bb text_orientation_phone=\u00bbcenter\u00bb text_orientation_last_edited=\u00bbon|phone\u00bb locked=\u00bboff\u00bb global_colors_info=\u00bb{}\u00bb sticky_enabled=\u00bb0&#8243; text_text_color=\u00bb#FFFFFF\u00bb custom_padding=\u00bb10px|10px|10px|10px|true|true\u00bb header_text_color=\u00bb#FFFFFF\u00bb border_radii=\u00bbon|20px|20px|20px|20px\u00bb border_color_all=\u00bb#183d8b\u00bb background_color=\u00bb#00aeed\u00bb header_text_align=\u00bbcenter\u00bb]<\/p>\n<h1>La nueva inteligencia de la Cobranza para sortear con \u00e9xito los nuevos riesgos de entornos VUCA<\/h1>\n<p>[\/et_pb_text][\/et_pb_column][\/et_pb_row][et_pb_row make_equal=\u00bbon\u00bb _builder_version=\u00bb4.9.2&#8243; custom_padding=\u00bb0px||0px||false|false\u00bb global_colors_info=\u00bb{}\u00bb][et_pb_column type=\u00bb4_4&#8243; _builder_version=\u00bb4.4.7&#8243; global_colors_info=\u00bb{}\u00bb][et_pb_text _builder_version=\u00bb4.14.8&#8243; text_text_color=\u00bb#ffffff\u00bb text_font_size=\u00bb16px\u00bb header_font=\u00bb|800||on|||||\u00bb header_text_align=\u00bbcenter\u00bb header_text_color=\u00bb#183d8b\u00bb header_font_size=\u00bb2.8em\u00bb header_letter_spacing=\u00bb1px\u00bb header_line_height=\u00bb1.2em\u00bb custom_margin=\u00bb1em||||false|false\u00bb hover_enabled=\u00bb0&#8243; header_font_size_tablet=\u00bb\u00bb header_font_size_phone=\u00bb2em\u00bb header_font_size_last_edited=\u00bbon|phone\u00bb global_colors_info=\u00bb{}\u00bb sticky_enabled=\u00bb0&#8243;]<\/p>\n<h1>\u00bfQu\u00e9 Incluye La Inscripci\u00f3n al Evento?<\/h1>\n<p>[\/et_pb_text][\/et_pb_column][\/et_pb_row][et_pb_row use_custom_gutter=\u00bbon\u00bb gutter_width=\u00bb2&#8243; _builder_version=\u00bb4.14.8&#8243; _module_preset=\u00bbdefault\u00bb background_enable_image=\u00bboff\u00bb background_size=\u00bbcontain\u00bb background_position=\u00bbcenter_left\u00bb custom_padding=\u00bb||||false|true\u00bb hover_enabled=\u00bb0&#8243; global_colors_info=\u00bb{}\u00bb column_structure=\u00bb1_2,1_2&#8243; sticky_enabled=\u00bb0&#8243;][et_pb_column type=\u00bb1_2&#8243; _builder_version=\u00bb4.9.2&#8243; _module_preset=\u00bbdefault\u00bb global_colors_info=\u00bb{}\u00bb][et_pb_text _builder_version=\u00bb4.14.8&#8243; text_font=\u00bb||||||||\u00bb text_text_color=\u00bb#183d8b\u00bb text_font_size=\u00bb17px\u00bb text_line_height=\u00bb1.4em\u00bb header_text_color=\u00bb#ffffff\u00bb custom_margin=\u00bb||||false|false\u00bb hover_enabled=\u00bb0&#8243; global_colors_info=\u00bb{}\u00bb sticky_enabled=\u00bb0&#8243;]<\/p>\n<p>Ingreso WEB, mediante clave de acceso asociada al email de la persona inscrita, durante toda la semana al Recinto Ferial 3D ExpoCOBRANZAS <strong><span style=\"text-decoration: underline; color: #f69331;\"><span style=\"text-decoration: underline;\"><a href=\"https:\/\/expofinanzas.co\/\" style=\"color: #f69331; text-decoration: underline;\">www.expofinanzas.co\/<\/a><\/span><\/span><\/strong>, a todas las actividades de la semana as\u00ed: acceder a todos los videos de la agenda acad\u00e9mica a la carta; a la Zona Fest, a la sala de Zoom del Open Business Coffee, a la muestra comercial 3D, participar con opiniones en el Foro\/Muro; a la transmisi\u00f3n en Live Streaming de todas las conferencias y paneles de la agenda acad\u00e9mica del Live Collections Summit en Vivo el d\u00eda martes 15 de marzo de 2022. La asistencia a los talleres especializados requiere de un pase especial que incluye un taller o el de dos talleres.<\/p>\n<p>[\/et_pb_text][\/et_pb_column][et_pb_column type=\u00bb1_2&#8243; _builder_version=\u00bb4.9.2&#8243; _module_preset=\u00bbdefault\u00bb global_colors_info=\u00bb{}\u00bb][et_pb_text _builder_version=\u00bb4.14.8&#8243; text_font=\u00bb||||||||\u00bb text_text_color=\u00bb#183d8b\u00bb text_font_size=\u00bb17px\u00bb text_line_height=\u00bb1.4em\u00bb header_text_color=\u00bb#ffffff\u00bb custom_margin=\u00bb||||false|false\u00bb hover_enabled=\u00bb0&#8243; global_colors_info=\u00bb{}\u00bb sticky_enabled=\u00bb0&#8243;]<\/p>\n<p>Acceso WEB en Diferido la siguiente semana, a partir del jueves 24 de MARZO, al contenido desarrollado en el Live Collections Summit que quedar\u00e1 grabado y a disposici\u00f3n de los asistentes por una semana m\u00e1s en la plataforma. Se enviar\u00e1 link personalizado para acceso a este material.<\/p>\n<p>[\/et_pb_text][et_pb_text _builder_version=\u00bb4.14.8&#8243; text_font=\u00bb||||||||\u00bb text_text_color=\u00bb#183d8b\u00bb text_font_size=\u00bb17px\u00bb text_line_height=\u00bb1.4em\u00bb header_text_color=\u00bb#ffffff\u00bb custom_margin=\u00bb||||false|false\u00bb hover_enabled=\u00bb0&#8243; global_colors_info=\u00bb{}\u00bb sticky_enabled=\u00bb0&#8243;]<\/p>\n<p>Acceso WEB en Diferido la siguiente semana al contenido desarrollado en el Live Collections Summit que quedar\u00e1 grabado y a disposici\u00f3n de los asistentes por una semana m\u00e1s. Se enviar\u00e1 link personalizado para acceso a este material.<\/p>\n<p>[\/et_pb_text][\/et_pb_column][\/et_pb_row][\/et_pb_section][et_pb_section fb_built=\u00bb1&#8243; _builder_version=\u00bb4.14.8&#8243; _module_preset=\u00bbdefault\u00bb background_color=\u00bb#c8e5e9&#8243; custom_margin=\u00bb0px||||false|false\u00bb hover_enabled=\u00bb0&#8243; sticky_enabled=\u00bb0&#8243; bottom_divider_style=\u00bbarrow\u00bb bottom_divider_color=\u00bb#FFFFFF\u00bb custom_padding=\u00bb2px||0px|||\u00bb locked=\u00bboff\u00bb da_is_popup=\u00bboff\u00bb da_exit_intent=\u00bboff\u00bb da_has_close=\u00bbon\u00bb da_alt_close=\u00bboff\u00bb da_dark_close=\u00bboff\u00bb da_not_modal=\u00bbon\u00bb da_is_singular=\u00bboff\u00bb da_with_loader=\u00bboff\u00bb da_has_shadow=\u00bbon\u00bb da_disable_devices=\u00bboff|off|off\u00bb][et_pb_row _builder_version=\u00bb4.14.8&#8243; _module_preset=\u00bbdefault\u00bb theme_builder_area=\u00bbpost_content\u00bb][et_pb_column _builder_version=\u00bb4.14.8&#8243; _module_preset=\u00bbdefault\u00bb type=\u00bb4_4&#8243; theme_builder_area=\u00bbpost_content\u00bb][et_pb_divider _builder_version=\u00bb4.14.8&#8243; _module_preset=\u00bbdefault\u00bb theme_builder_area=\u00bbpost_content\u00bb show_divider=\u00bboff\u00bb hover_enabled=\u00bb0&#8243; sticky_enabled=\u00bb0&#8243;][\/et_pb_divider][\/et_pb_column][\/et_pb_row][\/et_pb_section][et_pb_section fb_built=\u00bb1&#8243; _builder_version=\u00bb4.14.8&#8243; background_color=\u00bb#FFFFFF\u00bb positioning=\u00bbnone\u00bb z_index=\u00bb1&#8243; custom_margin=\u00bb||||false|false\u00bb custom_padding=\u00bb||||false|false\u00bb hover_enabled=\u00bb0&#8243; da_disable_devices=\u00bboff|off|off\u00bb global_colors_info=\u00bb{}\u00bb sticky_enabled=\u00bb0&#8243; da_is_popup=\u00bboff\u00bb da_exit_intent=\u00bboff\u00bb da_has_close=\u00bbon\u00bb da_alt_close=\u00bboff\u00bb da_dark_close=\u00bboff\u00bb da_not_modal=\u00bbon\u00bb da_is_singular=\u00bboff\u00bb da_with_loader=\u00bboff\u00bb da_has_shadow=\u00bbon\u00bb][et_pb_row use_custom_gutter=\u00bbon\u00bb gutter_width=\u00bb1&#8243; make_equal=\u00bbon\u00bb _builder_version=\u00bb4.14.7&#8243; z_index=\u00bb2&#8243; width=\u00bb100%\u00bb max_width=\u00bb1260px\u00bb custom_margin=\u00bb-100px||||false|false\u00bb global_colors_info=\u00bb{}\u00bb][et_pb_column type=\u00bb4_4&#8243; _builder_version=\u00bb4.14.7&#8243; global_colors_info=\u00bb{}\u00bb][et_pb_code _builder_version=\u00bb4.14.7&#8243; global_colors_info=\u00bb{}\u00bb][estimation_form form_id=\u00bb16&#8243;][\/et_pb_code][\/et_pb_column][\/et_pb_row][\/et_pb_section]<\/p>\n","protected":false},"excerpt":{"rendered":"<p>La nueva inteligencia de la CobranzaEvento virtual 3D &amp; Live Streaming Marzo 14 al 22La nueva inteligencia de la Cobranza para sortear con \u00e9xito los nuevos riesgos de entornos VUCA\u00bfQu\u00e9 Incluye La Inscripci\u00f3n al Evento?Ingreso WEB, mediante clave de acceso asociada al email de la persona inscrita, durante toda la semana al Recinto Ferial 3D [&hellip;]<\/p>\n","protected":false},"author":1,"featured_media":0,"parent":7433,"menu_order":0,"comment_status":"closed","ping_status":"closed","template":"page-template-blank.php","meta":{"_et_pb_use_builder":"on","_et_pb_old_content":"","_et_gb_content_width":"","footnotes":""},"class_list":["post-2850","page","type-page","status-publish","hentry"],"_links":{"self":[{"href":"https:\/\/eventoscicloderiesgo.com\/old\/wp-json\/wp\/v2\/pages\/2850","targetHints":{"allow":["GET"]}}],"collection":[{"href":"https:\/\/eventoscicloderiesgo.com\/old\/wp-json\/wp\/v2\/pages"}],"about":[{"href":"https:\/\/eventoscicloderiesgo.com\/old\/wp-json\/wp\/v2\/types\/page"}],"author":[{"embeddable":true,"href":"https:\/\/eventoscicloderiesgo.com\/old\/wp-json\/wp\/v2\/users\/1"}],"replies":[{"embeddable":true,"href":"https:\/\/eventoscicloderiesgo.com\/old\/wp-json\/wp\/v2\/comments?post=2850"}],"version-history":[{"count":0,"href":"https:\/\/eventoscicloderiesgo.com\/old\/wp-json\/wp\/v2\/pages\/2850\/revisions"}],"up":[{"embeddable":true,"href":"https:\/\/eventoscicloderiesgo.com\/old\/wp-json\/wp\/v2\/pages\/7433"}],"wp:attachment":[{"href":"https:\/\/eventoscicloderiesgo.com\/old\/wp-json\/wp\/v2\/media?parent=2850"}],"curies":[{"name":"wp","href":"https:\/\/api.w.org\/{rel}","templated":true}]}}