{"id":6395,"date":"2022-04-21T03:04:36","date_gmt":"2022-04-21T03:04:36","guid":{"rendered":"https:\/\/eventoscicloderiesgo.com\/?page_id=6395"},"modified":"2023-06-07T13:53:30","modified_gmt":"2023-06-07T13:53:30","slug":"inscripcion-vip","status":"publish","type":"page","link":"https:\/\/eventoscicloderiesgo.com\/old\/inscripciones\/inscripcion-vip\/","title":{"rendered":"inscripcion vip"},"content":{"rendered":"<p>[et_pb_section fb_built=\u00bb1&#8243; _builder_version=\u00bb4.17.4&#8243; background_color=\u00bb#10110d\u00bb use_background_color_gradient=\u00bbon\u00bb background_color_gradient_type=\u00bbcircular\u00bb background_color_gradient_direction_radial=\u00bbbottom right\u00bb background_color_gradient_stops=\u00bb#155c9e 19%|#10110d 40%\u00bb background_color_gradient_start=\u00bb#155c9e\u00bb background_color_gradient_start_position=\u00bb19%\u00bb background_color_gradient_end=\u00bb#10110d\u00bb background_color_gradient_end_position=\u00bb40%\u00bb background_enable_image=\u00bboff\u00bb background_blend=\u00bbdarken\u00bb custom_padding=\u00bb||50px||false|false\u00bb bottom_divider_style=\u00bbarrow2&#8243; bottom_divider_color=\u00bb#e5e5e5&#8243; bottom_divider_flip=\u00bbhorizontal\u00bb hover_enabled=\u00bb0&#8243; background_color_gradient_stops_phone=\u00bb#155c9e 31%|#10110d 76%\u00bb background_color_gradient_start_position_phone=\u00bb31%\u00bb background_color_gradient_end_position_phone=\u00bb76%\u00bb da_disable_devices=\u00bboff|off|off\u00bb locked=\u00bboff\u00bb global_colors_info=\u00bb{}\u00bb bottom_divider_height=\u00bb135px\u00bb sticky_enabled=\u00bb0&#8243; custom_margin=\u00bb||||false|false\u00bb da_is_popup=\u00bboff\u00bb da_exit_intent=\u00bboff\u00bb da_has_close=\u00bbon\u00bb da_alt_close=\u00bboff\u00bb da_dark_close=\u00bboff\u00bb da_not_modal=\u00bbon\u00bb da_is_singular=\u00bboff\u00bb da_with_loader=\u00bboff\u00bb da_has_shadow=\u00bbon\u00bb][et_pb_row column_structure=\u00bb1_2,1_2&#8243; use_custom_gutter=\u00bbon\u00bb make_equal=\u00bbon\u00bb _builder_version=\u00bb4.17.4&#8243; background_enable_color=\u00bboff\u00bb width_tablet=\u00bb\u00bb width_phone=\u00bb90%\u00bb width_last_edited=\u00bbon|phone\u00bb custom_margin=\u00bb-30px||||false|false\u00bb custom_padding=\u00bb0px|35px|0px|35px|true|true\u00bb hover_enabled=\u00bb0&#8243; locked=\u00bboff\u00bb global_colors_info=\u00bb{}\u00bb sticky_enabled=\u00bb0&#8243;][et_pb_column type=\u00bb1_2&#8243; _builder_version=\u00bb4.16&#8243; hover_enabled=\u00bb0&#8243; global_colors_info=\u00bb{}\u00bb sticky_enabled=\u00bb0&#8243;][et_pb_image src=\u00bbhttps:\/\/eventoscicloderiesgo.com\/old\/wp-content\/uploads\/2022\/04\/Logo-Summit-2022.png\u00bb title_text=\u00bbLogo-Summit-2022&#8243; _builder_version=\u00bb4.17.4&#8243; _module_preset=\u00bbdefault\u00bb max_width=\u00bb331px\u00bb max_width_tablet=\u00bb400px\u00bb max_width_phone=\u00bb100%\u00bb max_width_last_edited=\u00bbon|phone\u00bb module_alignment=\u00bbcenter\u00bb min_height=\u00bb127.9px\u00bb custom_margin=\u00bb||10px||false|false\u00bb hover_enabled=\u00bb0&#8243; global_colors_info=\u00bb{}\u00bb sticky_enabled=\u00bb0&#8243;][\/et_pb_image][et_pb_text _builder_version=\u00bb4.17.4&#8243; _module_preset=\u00bbdefault\u00bb text_font=\u00bbPoppins|700|||||||\u00bb text_text_color=\u00bb#FFFFFF\u00bb text_font_size=\u00bb13px\u00bb header_3_font=\u00bb|600|||||||\u00bb header_3_text_color=\u00bb#000000&#8243; background_color=\u00bb#FFFFFF\u00bb text_orientation=\u00bbcenter\u00bb width=\u00bb80%\u00bb module_alignment=\u00bbcenter\u00bb custom_margin=\u00bb-38px||||false|false\u00bb custom_padding=\u00bb6px||||false|false\u00bb header_3_font_size_tablet=\u00bb\u00bb header_3_font_size_phone=\u00bb17px\u00bb header_3_font_size_last_edited=\u00bbon|phone\u00bb border_radii=\u00bbon|13px|13px|13px|13px\u00bb locked=\u00bboff\u00bb global_colors_info=\u00bb{}\u00bb]<\/p>\n<h3>Mi\u00e9rcoles 15 y Jueves 16 JUNIO<\/h3>\n<p>[\/et_pb_text][et_pb_blurb title=\u00bbEVENTO PRESENCIAL\u00bb image_icon_background_color=\u00bb#FFFFFF\u00bb image=\u00bbhttps:\/\/eventoscicloderiesgo.com\/old\/wp-content\/uploads\/2022\/05\/zula-scaled.jpg\u00bb icon_placement=\u00bbleft\u00bb image_icon_width=\u00bb72px\u00bb content_max_width=\u00bb340px\u00bb image_icon_width_last_edited=\u00bboff|desktop\u00bb content_max_width_tablet=\u00bb280px\u00bb content_max_width_phone=\u00bb\u00bb content_max_width_last_edited=\u00bbon|phone\u00bb _builder_version=\u00bb4.17.4&#8243; _module_preset=\u00bbdefault\u00bb header_font=\u00bbPoppins|700|||||||\u00bb header_text_align=\u00bbleft\u00bb header_text_color=\u00bb#31bbed\u00bb header_font_size=\u00bb23px\u00bb module_alignment=\u00bbcenter\u00bb custom_margin=\u00bb-16px||||false|false\u00bb hover_enabled=\u00bb0&#8243; header_font_size_tablet=\u00bb22px\u00bb header_font_size_phone=\u00bb1.3em\u00bb header_font_size_last_edited=\u00bbon|phone\u00bb global_colors_info=\u00bb{}\u00bb sticky_enabled=\u00bb0&#8243; header_line_height=\u00bb0.4em\u00bb body_text_color=\u00bb#FFFFFF\u00bb body_line_height=\u00bb1.3em\u00bb]<\/p>\n<p>ZULA &#8211; CENTRO DE EXPERIENCIAS<br \/>Usaqu\u00e9n Bogot\u00e1 Cra. 7 No. 120 -20<\/p>\n<p>[\/et_pb_blurb][\/et_pb_column][et_pb_column type=\u00bb1_2&#8243; _builder_version=\u00bb4.16&#8243; background_enable_color=\u00bboff\u00bb global_colors_info=\u00bb{}\u00bb][et_pb_text _builder_version=\u00bb4.17.4&#8243; text_text_color=\u00bb#FFFFFF\u00bb header_font=\u00bbQuicksand|700|||||||\u00bb header_text_align=\u00bbcenter\u00bb header_text_color=\u00bb#FFFFFF\u00bb header_font_size=\u00bb17px\u00bb header_letter_spacing=\u00bb1px\u00bb header_line_height=\u00bb1.2em\u00bb header_2_font=\u00bbPoppins||||||||\u00bb header_2_text_align=\u00bbcenter\u00bb header_2_text_color=\u00bb#FFFFFF\u00bb header_2_font_size=\u00bb1.2em\u00bb header_2_line_height=\u00bb1.3em\u00bb background_color=\u00bb#00aeed\u00bb custom_margin=\u00bb50px|15px||15px|false|true\u00bb custom_margin_tablet=\u00bb\u00bb custom_margin_phone=\u00bb0px|0px||0px|false|true\u00bb custom_margin_last_edited=\u00bbon|phone\u00bb custom_padding=\u00bb10px|22px|10px|22px|true|true\u00bb custom_padding_tablet=\u00bb10px|22px|10px|22px|true|true\u00bb custom_padding_phone=\u00bb10px|10px|10px|10px|true|true\u00bb custom_padding_last_edited=\u00bbon|phone\u00bb hover_enabled=\u00bb0&#8243; text_font_size_tablet=\u00bb\u00bb text_font_size_phone=\u00bb14px\u00bb text_font_size_last_edited=\u00bbon|phone\u00bb header_font_size_tablet=\u00bb\u00bb header_font_size_phone=\u00bb14px\u00bb header_font_size_last_edited=\u00bbon|phone\u00bb header_2_font_size_tablet=\u00bb1.2em\u00bb header_2_font_size_phone=\u00bb0.9em\u00bb header_2_font_size_last_edited=\u00bbon|desktop\u00bb text_orientation_tablet=\u00bb\u00bb text_orientation_phone=\u00bbcenter\u00bb text_orientation_last_edited=\u00bbon|phone\u00bb border_radii=\u00bbon|20px|20px|20px|20px\u00bb border_color_all=\u00bb#183d8b\u00bb locked=\u00bboff\u00bb global_colors_info=\u00bb{}\u00bb sticky_enabled=\u00bb0&#8243;]<\/p>\n<h2>Behavioral Credit &amp; BI: Influenciando Decisiones en medio de ecosistemas en riesgo, sociedades beligerantes, y consumidores que construyen nuevas identidades antes de dar el paso al metaverso.<\/h2>\n<p>[\/et_pb_text][\/et_pb_column][\/et_pb_row][et_pb_row custom_padding_last_edited=\u00bbon|phone\u00bb _builder_version=\u00bb4.17.4&#8243; custom_padding=\u00bb||14px||false|false\u00bb custom_padding_tablet=\u00bb||1px|||\u00bb custom_padding_phone=\u00bb30px||60px||false|false\u00bb hover_enabled=\u00bb0&#8243; global_colors_info=\u00bb{}\u00bb custom_margin=\u00bb||||false|false\u00bb sticky_enabled=\u00bb0&#8243;][et_pb_column type=\u00bb4_4&#8243; _builder_version=\u00bb4.17.4&#8243; hover_enabled=\u00bb0&#8243; global_colors_info=\u00bb{}\u00bb custom_padding=\u00bb||||false|false\u00bb sticky_enabled=\u00bb0&#8243;][et_pb_text _builder_version=\u00bb4.17.4&#8243; header_font=\u00bb|600||on|||||\u00bb header_text_align=\u00bbcenter\u00bb header_text_color=\u00bb#FFFFFF\u00bb header_font_size=\u00bb24px\u00bb header_letter_spacing=\u00bb1px\u00bb header_line_height=\u00bb1.1em\u00bb header_2_font=\u00bb|800|||||||\u00bb header_2_text_align=\u00bbcenter\u00bb header_2_text_color=\u00bb#FFFFFF\u00bb hover_enabled=\u00bb0&#8243; header_font_size_tablet=\u00bb\u00bb header_font_size_phone=\u00bb36px\u00bb header_font_size_last_edited=\u00bbon|phone\u00bb global_colors_info=\u00bb{}\u00bb custom_margin=\u00bb||15px||false|false\u00bb sticky_enabled=\u00bb0&#8243;]<\/p>\n<h1>INSCRIPCI\u00d3N SUMMIT 2022<\/h1>\n<h2>INVITADOS CON PASES DE CORTES\u00cdA SIN COSTO<\/h2>\n<p>[\/et_pb_text][et_pb_image src=\u00bbhttps:\/\/eventoscicloderiesgo.com\/old\/wp-content\/uploads\/2022\/05\/flecha-hacia-abajo1.png\u00bb title_text=\u00bbReg\u00edstrate aqu\u00ed\u00bb align=\u00bbcenter\u00bb _builder_version=\u00bb4.17.4&#8243; _module_preset=\u00bbdefault\u00bb max_width=\u00bb3%\u00bb max_width_tablet=\u00bb3%\u00bb max_width_phone=\u00bb10%\u00bb max_width_last_edited=\u00bbon|phone\u00bb custom_margin=\u00bb||||false|false\u00bb custom_padding=\u00bb||||false|false\u00bb animation_style=\u00bbslide\u00bb animation_direction=\u00bbtop\u00bb animation_duration=\u00bb900ms\u00bb animation_intensity_slide=\u00bb30%\u00bb animation_starting_opacity=\u00bb60%\u00bb animation_speed_curve=\u00bbease-in\u00bb animation_repeat=\u00bbloop\u00bb hover_enabled=\u00bb0&#8243; global_colors_info=\u00bb{}\u00bb sticky_enabled=\u00bb0&#8243;][\/et_pb_image][\/et_pb_column][\/et_pb_row][\/et_pb_section][et_pb_section fb_built=\u00bb1&#8243; _builder_version=\u00bb4.17.4&#8243; _module_preset=\u00bbdefault\u00bb background_color=\u00bb#e5e5e5&#8243; custom_margin=\u00bb||||false|false\u00bb custom_padding=\u00bb0px||0px||false|false\u00bb bottom_divider_style=\u00bbarrow\u00bb bottom_divider_color=\u00bb#FFFFFF\u00bb bottom_divider_repeat=\u00bb1x\u00bb hover_enabled=\u00bb0&#8243; da_disable_devices=\u00bboff|off|off\u00bb global_colors_info=\u00bb{}\u00bb sticky_enabled=\u00bb0&#8243; da_is_popup=\u00bboff\u00bb da_exit_intent=\u00bboff\u00bb da_has_close=\u00bbon\u00bb da_alt_close=\u00bboff\u00bb da_dark_close=\u00bboff\u00bb da_not_modal=\u00bbon\u00bb da_is_singular=\u00bboff\u00bb da_with_loader=\u00bboff\u00bb da_has_shadow=\u00bbon\u00bb][et_pb_row _builder_version=\u00bb4.16&#8243; _module_preset=\u00bbdefault\u00bb global_colors_info=\u00bb{}\u00bb custom_padding=\u00bb0px||0px|||\u00bb][et_pb_column type=\u00bb4_4&#8243; _builder_version=\u00bb4.16&#8243; _module_preset=\u00bbdefault\u00bb global_colors_info=\u00bb{}\u00bb][et_pb_divider show_divider=\u00bboff\u00bb _builder_version=\u00bb4.17.4&#8243; _module_preset=\u00bbdefault\u00bb min_height=\u00bb3px\u00bb hover_enabled=\u00bb0&#8243; global_colors_info=\u00bb{}\u00bb sticky_enabled=\u00bb0&#8243; custom_padding=\u00bb0px||0px||false|false\u00bb custom_margin=\u00bb0px||0px||false|false\u00bb][\/et_pb_divider][\/et_pb_column][\/et_pb_row][\/et_pb_section][et_pb_section fb_built=\u00bb1&#8243; _builder_version=\u00bb4.17.4&#8243; background_color=\u00bbRGBA(255,255,255,0)\u00bb custom_margin=\u00bb-40px||||false|false\u00bb custom_padding=\u00bb0px||||false|false\u00bb hover_enabled=\u00bb0&#8243; da_disable_devices=\u00bboff|off|off\u00bb global_colors_info=\u00bb{}\u00bb sticky_enabled=\u00bb0&#8243; da_is_popup=\u00bboff\u00bb da_exit_intent=\u00bboff\u00bb da_has_close=\u00bbon\u00bb da_alt_close=\u00bboff\u00bb da_dark_close=\u00bboff\u00bb da_not_modal=\u00bbon\u00bb da_is_singular=\u00bboff\u00bb da_with_loader=\u00bboff\u00bb da_has_shadow=\u00bbon\u00bb][et_pb_row use_custom_gutter=\u00bbon\u00bb gutter_width=\u00bb1&#8243; make_equal=\u00bbon\u00bb _builder_version=\u00bb4.16&#8243; width=\u00bb100%\u00bb max_width=\u00bb1260px\u00bb global_colors_info=\u00bb{}\u00bb][et_pb_column type=\u00bb4_4&#8243; _builder_version=\u00bb4.16&#8243; global_colors_info=\u00bb{}\u00bb][et_pb_code _builder_version=\u00bb4.16&#8243; global_colors_info=\u00bb{}\u00bb][estimation_form form_id=\u00bb19&#8243;][\/et_pb_code][\/et_pb_column][\/et_pb_row][\/et_pb_section]<\/p>\n","protected":false},"excerpt":{"rendered":"<p>Mi\u00e9rcoles 15 y Jueves 16 JUNIOZULA &#8211; CENTRO DE EXPERIENCIASUsaqu\u00e9n Bogot\u00e1 Cra. 7 No. 120 -20Behavioral Credit &amp; BI: Influenciando Decisiones en medio de ecosistemas en riesgo, sociedades beligerantes, y consumidores que construyen nuevas identidades antes de dar el paso al metaverso.INSCRIPCI\u00d3N SUMMIT 2022 INVITADOS CON PASES DE CORTES\u00cdA SIN COSTO[estimation_form form_id=\u00bb19&#8243;]<\/p>\n","protected":false},"author":5,"featured_media":0,"parent":7433,"menu_order":0,"comment_status":"closed","ping_status":"closed","template":"page-template-blank.php","meta":{"_et_pb_use_builder":"on","_et_pb_old_content":"","_et_gb_content_width":"","footnotes":""},"class_list":["post-6395","page","type-page","status-publish","hentry"],"_links":{"self":[{"href":"https:\/\/eventoscicloderiesgo.com\/old\/wp-json\/wp\/v2\/pages\/6395","targetHints":{"allow":["GET"]}}],"collection":[{"href":"https:\/\/eventoscicloderiesgo.com\/old\/wp-json\/wp\/v2\/pages"}],"about":[{"href":"https:\/\/eventoscicloderiesgo.com\/old\/wp-json\/wp\/v2\/types\/page"}],"author":[{"embeddable":true,"href":"https:\/\/eventoscicloderiesgo.com\/old\/wp-json\/wp\/v2\/users\/5"}],"replies":[{"embeddable":true,"href":"https:\/\/eventoscicloderiesgo.com\/old\/wp-json\/wp\/v2\/comments?post=6395"}],"version-history":[{"count":0,"href":"https:\/\/eventoscicloderiesgo.com\/old\/wp-json\/wp\/v2\/pages\/6395\/revisions"}],"up":[{"embeddable":true,"href":"https:\/\/eventoscicloderiesgo.com\/old\/wp-json\/wp\/v2\/pages\/7433"}],"wp:attachment":[{"href":"https:\/\/eventoscicloderiesgo.com\/old\/wp-json\/wp\/v2\/media?parent=6395"}],"curies":[{"name":"wp","href":"https:\/\/api.w.org\/{rel}","templated":true}]}}