{"id":8227,"date":"2023-11-29T14:04:22","date_gmt":"2023-11-29T14:04:22","guid":{"rendered":"https:\/\/eventoscicloderiesgo.com\/?page_id=8227"},"modified":"2023-11-30T15:34:49","modified_gmt":"2023-11-30T15:34:49","slug":"memorias-credit-collection-business-coffeechile-8-nov","status":"publish","type":"page","link":"https:\/\/eventoscicloderiesgo.com\/old\/memorias-credit-collection-business-coffeechile-8-nov\/","title":{"rendered":"Memorias CREDIT &#038; COLLECTION BUSINESS COFFEEChile 8 Nov"},"content":{"rendered":"<p>[et_pb_section fb_built=\u00bb1&#8243; _builder_version=\u00bb4.16&#8243; use_background_color_gradient=\u00bbon\u00bb background_color_gradient_stops=\u00bb#ffffff 15%|#e2e2e2 31%\u00bb background_color_gradient_start=\u00bb#ffffff\u00bb background_color_gradient_start_position=\u00bb15%\u00bb background_color_gradient_end=\u00bb#e2e2e2&#8243; background_color_gradient_end_position=\u00bb31%\u00bb custom_padding=\u00bb3px|0px|110px|0px|false|false\u00bb da_disable_devices=\u00bboff|off|off\u00bb global_colors_info=\u00bb{}\u00bb da_is_popup=\u00bboff\u00bb da_exit_intent=\u00bboff\u00bb da_has_close=\u00bbon\u00bb da_alt_close=\u00bboff\u00bb da_dark_close=\u00bboff\u00bb da_not_modal=\u00bbon\u00bb da_is_singular=\u00bboff\u00bb da_with_loader=\u00bboff\u00bb da_has_shadow=\u00bbon\u00bb][et_pb_row column_structure=\u00bb3_5,2_5&#8243; _builder_version=\u00bb4.16&#8243; global_colors_info=\u00bb{}\u00bb][et_pb_column type=\u00bb3_5&#8243; _builder_version=\u00bb4.16&#8243; custom_padding=\u00bb|||\u00bb global_colors_info=\u00bb{}\u00bb custom_padding__hover=\u00bb|||\u00bb][et_pb_image src=\u00bbhttps:\/\/eventoscicloderiesgo.com\/old\/wp-content\/uploads\/2023\/11\/Cortinilla_COFFEE-CHILE-1.jpg\u00bb title_text=\u00bbCortinilla_COFFEE-CHILE-1&#8243; show_bottom_space=\u00bboff\u00bb align=\u00bbcenter\u00bb align_tablet=\u00bbcenter\u00bb align_phone=\u00bb\u00bb align_last_edited=\u00bbon|desktop\u00bb _builder_version=\u00bb4.22.2&#8243; global_colors_info=\u00bb{}\u00bb][\/et_pb_image][\/et_pb_column][et_pb_column type=\u00bb2_5&#8243; _builder_version=\u00bb4.16&#8243; custom_padding=\u00bb|||\u00bb global_colors_info=\u00bb{}\u00bb custom_padding__hover=\u00bb|||\u00bb][et_pb_divider divider_weight=\u00bb5px\u00bb _builder_version=\u00bb4.16&#8243; global_colors_info=\u00bb{}\u00bb][\/et_pb_divider][et_pb_text _builder_version=\u00bb4.21.0&#8243; text_font=\u00bb||||||||\u00bb header_font=\u00bb|700||on|||||\u00bb header_font_size=\u00bb56px\u00bb custom_margin=\u00bb68px||\u00bb inline_fonts=\u00bbAcme\u00bb global_colors_info=\u00bb{}\u00bb]<\/p>\n<h1><\/h1>\n<h1><span style=\"color: #333333; font-family: Acme; font-weight: normal;\"><strong><span style=\"font-size: xx-large;\">DISFRUTE DE NUESTRO<\/span><\/strong><\/span><\/h1>\n<h1><span style=\"color: #333333; font-family: Acme; font-weight: normal;\"><strong><span style=\"font-size: xx-large;\">SET DE ENTREVISTAS EN VIVO<\/span><\/strong><\/span><\/h1>\n<p>[\/et_pb_text][\/et_pb_column][\/et_pb_row][et_pb_row column_structure=\u00bb3_4,1_4&#8243; use_custom_gutter=\u00bbon\u00bb gutter_width=\u00bb2&#8243; _builder_version=\u00bb4.16&#8243; module_alignment=\u00bbcenter\u00bb custom_padding=\u00bb|0px|0|0px|false|false\u00bb global_colors_info=\u00bb{}\u00bb][et_pb_column type=\u00bb3_4&#8243; _builder_version=\u00bb4.16&#8243; custom_padding=\u00bb|||\u00bb global_colors_info=\u00bb{}\u00bb custom_padding__hover=\u00bb|||\u00bb][et_pb_code _builder_version=\u00bb4.16&#8243; global_colors_info=\u00bb{}\u00bb]<script><!-- [et_pb_line_break_holder] -->jQuery(function(){<!-- [et_pb_line_break_holder] -->  jQuery(\"#inversion\").click(function(){<!-- [et_pb_line_break_holder] -->    jQuery(\"#popup\").css(\"display\", \"block\");<!-- [et_pb_line_break_holder] -->  });<!-- [et_pb_line_break_holder] -->  <!-- [et_pb_line_break_holder] -->  jQuery(\"#close\").click(function(){<!-- [et_pb_line_break_holder] -->    jQuery(\"#popup\").css(\"display\", \"none\");<!-- [et_pb_line_break_holder] -->  });<!-- [et_pb_line_break_holder] -->  <!-- [et_pb_line_break_holder] -->});<!-- [et_pb_line_break_holder] --><\/script>[\/et_pb_code][et_pb_blurb use_icon=\u00bbon\u00bb font_icon=\u00bb&#x45;||divi||400&#8243; icon_placement=\u00bbleft\u00bb image_icon_width=\u00bb54px\u00bb _builder_version=\u00bb4.22.2&#8243; header_font_size=\u00bb19px\u00bb body_font_size=\u00bb15px\u00bb custom_padding=\u00bb||30px\u00bb hover_enabled=\u00bb0&#8243; icon_font_size=\u00bb54px\u00bb global_colors_info=\u00bb{}\u00bb sticky_enabled=\u00bb0&#8243;]<\/p>\n<p>\u00bfDe qu\u00e9 manera las actuales condiciones y perspectivas del entorno Pol\u00edtico y Econ\u00f3mico, generan cambios y oportunidades en el Ecosistema Financiero?<\/p>\n<p><span style=\"color: #660000;\"><strong>&#8211;\u00a0Roberto Guajardo<\/strong> Gerente de Riesgo Banca Personas, Banco Security<\/span><br \/><span style=\"color: #660000;\"><strong>&#8211;\u00a0Roberto Cases<\/strong> Ingeniero Comercial, Mag\u00edster en Econom\u00eda PUC, Investigador de Macroeconom\u00eda, miembro de la Comisi\u00f3n Nacional de Evaluaci\u00f3n y Productividad<\/span><br \/><span style=\"color: #660000;\"><strong>&#8211;\u00a0<\/strong><span style=\"font-size: 15px;\">Moderadora: <strong>Claudia Stingo<\/strong> Ingeniero Comercial menci\u00f3n Finanzas, Mag\u00edster en Humanidades menci\u00f3n Literatura, socio Fundador Stingo &amp; Asociados, Liquidadora Concursal Ley 20.720<\/span><\/span><\/p>\n<p>[\/et_pb_blurb][\/et_pb_column][et_pb_column type=\u00bb1_4&#8243; _builder_version=\u00bb4.16&#8243; custom_padding=\u00bb|||\u00bb global_colors_info=\u00bb{}\u00bb custom_padding__hover=\u00bb|||\u00bb][et_pb_button button_url=\u00bbhttps:\/\/youtu.be\/TgzsG6AflGQ\u00bb url_new_window=\u00bbon\u00bb button_text=\u00bbVideo\u00bb _builder_version=\u00bb4.22.2&#8243; custom_button=\u00bbon\u00bb button_text_size=\u00bb16px\u00bb button_text_color=\u00bb#005794&#8243; button_bg_use_color_gradient=\u00bbon\u00bb button_bg_color_gradient_stops=\u00bbrgba(229,22,0,0) 0%|rgba(221,144,0,0) 100%\u00bb button_bg_color_gradient_start=\u00bbrgba(229,22,0,0)\u00bb button_bg_color_gradient_end=\u00bbrgba(221,144,0,0)\u00bb button_border_radius=\u00bb8px\u00bb button_font=\u00bb||||||||\u00bb button_icon=\u00bb&#x22;||divi||400&#8243; button_on_hover=\u00bboff\u00bb box_shadow_style=\u00bbpreset3&#8243; global_colors_info=\u00bb{}\u00bb][\/et_pb_button][\/et_pb_column][\/et_pb_row][et_pb_row column_structure=\u00bb3_4,1_4&#8243; use_custom_gutter=\u00bbon\u00bb gutter_width=\u00bb2&#8243; _builder_version=\u00bb4.16&#8243; module_alignment=\u00bbcenter\u00bb custom_padding=\u00bb|0px|0|0px|false|false\u00bb global_colors_info=\u00bb{}\u00bb][et_pb_column type=\u00bb3_4&#8243; _builder_version=\u00bb4.16&#8243; custom_padding=\u00bb|||\u00bb global_colors_info=\u00bb{}\u00bb custom_padding__hover=\u00bb|||\u00bb][et_pb_blurb use_icon=\u00bbon\u00bb font_icon=\u00bb&#x45;||divi||400&#8243; icon_placement=\u00bbleft\u00bb image_icon_width=\u00bb54px\u00bb _builder_version=\u00bb4.21.0&#8243; header_font_size=\u00bb19px\u00bb body_font_size=\u00bb15px\u00bb custom_padding=\u00bb0px||30px|||\u00bb icon_font_size=\u00bb54px\u00bb global_colors_info=\u00bb{}\u00bb]<\/p>\n<p>&#8211; <span style=\"font-size: 15px;\">En la era de la Transformaci\u00f3n Digital y de la Inteligencia Artificial aplicada, \u00bfqu\u00e9 ajustes estructurales se deben hacer al modelo de Negocio de Riesgo Cr\u00e9dito y Cobranza?<\/span><\/p>\n<p><span style=\"color: #660000;\"><strong>&#8211;\u00a0Juan Carlos Aravena<\/strong> Gerente Control de Riesgo Credito, Banco Ita\u00fa<\/span><br \/><span style=\"color: #660000;\"><strong>&#8211;\u00a0Sebasti\u00e1n Rodr\u00edguez<\/strong> Licenciado en Inform\u00e1tica de Gesti\u00f3n, Mag\u00edster en Docencia para la Educaci\u00f3n Superior U. Andr\u00e9s Bello, Mag\u00edster en Inteligencia Artificial U. Adolfo Ib\u00e1\u00f1ez, Docente Data, Analytics &amp; IA, Co-Founder de HuemulSolutions<\/span><br \/><span style=\"color: #660000;\"><strong>&#8211;\u00a0John Atkinson-Abutridy<\/strong> Bachiller en Ingenier\u00eda UTFSM, Mag\u00edster en Ingenier\u00eda UTFSM, PhD Inteligencia Artificial U. de Edimburgo, Profesor y Director del Mag\u00edster en Inteligencia Artificial UAI, Consultant and Founder AI Empowered<\/span><br \/><span style=\"color: #660000;\">&#8211;\u00a0<span style=\"font-size: 15px;\">Moderador: <strong>Hugo Montecinos<\/strong> Profesional independiente, Consultoria en Gestion de Riesgos y Cumplimiento<\/span><\/span><\/p>\n<p><span style=\"color: #993300;\"><\/span><\/p>\n<p>[\/et_pb_blurb][et_pb_code _builder_version=\u00bb4.16&#8243; global_colors_info=\u00bb{}\u00bb]<script><!-- [et_pb_line_break_holder] -->jQuery(function(){<!-- [et_pb_line_break_holder] -->  jQuery(\"#inversion\").click(function(){<!-- [et_pb_line_break_holder] -->    jQuery(\"#popup\").css(\"display\", \"block\");<!-- [et_pb_line_break_holder] -->  });<!-- [et_pb_line_break_holder] -->  <!-- [et_pb_line_break_holder] -->  jQuery(\"#close\").click(function(){<!-- [et_pb_line_break_holder] -->    jQuery(\"#popup\").css(\"display\", \"none\");<!-- [et_pb_line_break_holder] -->  });<!-- [et_pb_line_break_holder] -->  <!-- [et_pb_line_break_holder] -->});<!-- [et_pb_line_break_holder] --><\/script>[\/et_pb_code][\/et_pb_column][et_pb_column type=\u00bb1_4&#8243; _builder_version=\u00bb4.16&#8243; custom_padding=\u00bb|||\u00bb global_colors_info=\u00bb{}\u00bb custom_padding__hover=\u00bb|||\u00bb][et_pb_button button_url=\u00bbhttps:\/\/youtu.be\/SpV85n60irs\u00bb url_new_window=\u00bbon\u00bb button_text=\u00bbVideo\u00bb _builder_version=\u00bb4.22.2&#8243; custom_button=\u00bbon\u00bb button_text_size=\u00bb16px\u00bb button_text_color=\u00bb#005794&#8243; button_bg_use_color_gradient=\u00bbon\u00bb button_bg_color_gradient_stops=\u00bbrgba(229,22,0,0) 0%|rgba(221,144,0,0) 100%\u00bb button_bg_color_gradient_start=\u00bbrgba(229,22,0,0)\u00bb button_bg_color_gradient_end=\u00bbrgba(221,144,0,0)\u00bb button_border_radius=\u00bb8px\u00bb button_font=\u00bb||||||||\u00bb button_icon=\u00bb&#x22;||divi||400&#8243; button_on_hover=\u00bboff\u00bb box_shadow_style=\u00bbpreset3&#8243; global_colors_info=\u00bb{}\u00bb][\/et_pb_button][\/et_pb_column][\/et_pb_row][et_pb_row column_structure=\u00bb3_4,1_4&#8243; use_custom_gutter=\u00bbon\u00bb gutter_width=\u00bb2&#8243; _builder_version=\u00bb4.16&#8243; module_alignment=\u00bbcenter\u00bb custom_padding=\u00bb|0px|0|0px|false|false\u00bb global_colors_info=\u00bb{}\u00bb][et_pb_column type=\u00bb3_4&#8243; _builder_version=\u00bb4.16&#8243; custom_padding=\u00bb|||\u00bb global_colors_info=\u00bb{}\u00bb custom_padding__hover=\u00bb|||\u00bb][et_pb_blurb use_icon=\u00bbon\u00bb font_icon=\u00bb&#x45;||divi||400&#8243; icon_placement=\u00bbleft\u00bb image_icon_width=\u00bb54px\u00bb _builder_version=\u00bb4.21.0&#8243; header_font_size=\u00bb19px\u00bb body_font_size=\u00bb15px\u00bb custom_padding=\u00bb10px||30px|||\u00bb icon_font_size=\u00bb54px\u00bb global_colors_info=\u00bb{}\u00bb]<\/p>\n<p><span style=\"color: #00660b;\"><strong>MICROCICLO 1 <\/strong><\/span>Caso de \u00c9xito de Inteligencia Artificial Aplicada al Ciclo de Cr\u00e9dito y el Open Finance<\/p>\n<p><span style=\"color: #660000;\"><strong>&#8211;\u00a0<\/strong><span style=\"font-size: 15px;\"><strong>Leandro Fernandez<\/strong> IIngeniero Civil Industrial y MBA U del Desarrollo. Entrepeneurship Development Program Babson College. Gerente General AIS Chile<\/span><\/span><\/p>\n<p><span style=\"color: #660000;\">&#8211; Modera: <strong>Beatriz Villa<\/strong> CEO y Directora General de Revista Ciclo de Riesgo Latam<\/span><span style=\"font-size: 15px;\"><\/span><\/p>\n<p><span style=\"font-size: 15px;\"><\/span><\/p>\n<p>[\/et_pb_blurb][et_pb_code _builder_version=\u00bb4.16&#8243; global_colors_info=\u00bb{}\u00bb]<script><!-- [et_pb_line_break_holder] -->jQuery(function(){<!-- [et_pb_line_break_holder] -->  jQuery(\"#inversion\").click(function(){<!-- [et_pb_line_break_holder] -->    jQuery(\"#popup\").css(\"display\", \"block\");<!-- [et_pb_line_break_holder] -->  });<!-- [et_pb_line_break_holder] -->  <!-- [et_pb_line_break_holder] -->  jQuery(\"#close\").click(function(){<!-- [et_pb_line_break_holder] -->    jQuery(\"#popup\").css(\"display\", \"none\");<!-- [et_pb_line_break_holder] -->  });<!-- [et_pb_line_break_holder] -->  <!-- [et_pb_line_break_holder] -->});<!-- [et_pb_line_break_holder] --><\/script>[\/et_pb_code][\/et_pb_column][et_pb_column type=\u00bb1_4&#8243; _builder_version=\u00bb4.16&#8243; custom_padding=\u00bb|||\u00bb global_colors_info=\u00bb{}\u00bb custom_padding__hover=\u00bb|||\u00bb][et_pb_button button_url=\u00bbhttps:\/\/youtu.be\/eP8sN2nquFI\u00bb url_new_window=\u00bbon\u00bb button_text=\u00bbVideo\u00bb _builder_version=\u00bb4.22.2&#8243; custom_button=\u00bbon\u00bb button_text_size=\u00bb16px\u00bb button_text_color=\u00bb#005794&#8243; button_bg_use_color_gradient=\u00bbon\u00bb button_bg_color_gradient_stops=\u00bbrgba(229,22,0,0) 0%|rgba(221,144,0,0) 100%\u00bb button_bg_color_gradient_start=\u00bbrgba(229,22,0,0)\u00bb button_bg_color_gradient_end=\u00bbrgba(221,144,0,0)\u00bb button_border_radius=\u00bb8px\u00bb button_font=\u00bb||||||||\u00bb button_icon=\u00bb&#x22;||divi||400&#8243; button_on_hover=\u00bboff\u00bb box_shadow_style=\u00bbpreset3&#8243; global_colors_info=\u00bb{}\u00bb][\/et_pb_button][\/et_pb_column][\/et_pb_row][et_pb_row column_structure=\u00bb3_4,1_4&#8243; use_custom_gutter=\u00bbon\u00bb gutter_width=\u00bb2&#8243; _builder_version=\u00bb4.16&#8243; module_alignment=\u00bbcenter\u00bb custom_padding=\u00bb|0px|0|0px|false|false\u00bb global_colors_info=\u00bb{}\u00bb][et_pb_column type=\u00bb3_4&#8243; _builder_version=\u00bb4.16&#8243; custom_padding=\u00bb|||\u00bb global_colors_info=\u00bb{}\u00bb custom_padding__hover=\u00bb|||\u00bb][et_pb_blurb use_icon=\u00bbon\u00bb font_icon=\u00bb&#x45;||divi||400&#8243; icon_placement=\u00bbleft\u00bb image_icon_width=\u00bb54px\u00bb _builder_version=\u00bb4.16&#8243; header_font_size=\u00bb19px\u00bb body_font_size=\u00bb15px\u00bb custom_padding=\u00bb8px||30px|||\u00bb icon_font_size=\u00bb54px\u00bb global_colors_info=\u00bb{}\u00bb]<\/p>\n<p><span style=\"color: #006d10;\"><strong>MICROCICLO 2<\/strong><\/span> Inteligencia Artificial como herramienta potente de gesti\u00f3n, en procesos de cobro.<\/p>\n<p><span style=\"color: #660000;\"><strong>&#8211;<\/strong><\/span><strong> <\/strong><span style=\"font-size: 15px; color: #660000;\"><strong>Pablo Corredor<\/strong> Ingeniero de Sistemas, Director de Alianzas y Marketing de Ressolve <\/span><\/p>\n<p><span style=\"font-size: 15px; color: #660000;\"><strong>&#8211; Juan I Frate Arjona<\/strong> Sub Gerente Call Center Banco Falabella\u00a0<\/span><\/p>\n<p><span style=\"font-size: 15px;\"><\/span><\/p>\n<p>[\/et_pb_blurb][et_pb_code _builder_version=\u00bb4.16&#8243; global_colors_info=\u00bb{}\u00bb]<script><!-- [et_pb_line_break_holder] -->jQuery(function(){<!-- [et_pb_line_break_holder] -->  jQuery(\"#inversion\").click(function(){<!-- [et_pb_line_break_holder] -->    jQuery(\"#popup\").css(\"display\", \"block\");<!-- [et_pb_line_break_holder] -->  });<!-- [et_pb_line_break_holder] -->  <!-- [et_pb_line_break_holder] -->  jQuery(\"#close\").click(function(){<!-- [et_pb_line_break_holder] -->    jQuery(\"#popup\").css(\"display\", \"none\");<!-- [et_pb_line_break_holder] -->  });<!-- [et_pb_line_break_holder] -->  <!-- [et_pb_line_break_holder] -->});<!-- [et_pb_line_break_holder] --><\/script>[\/et_pb_code][\/et_pb_column][et_pb_column type=\u00bb1_4&#8243; _builder_version=\u00bb4.16&#8243; custom_padding=\u00bb|||\u00bb global_colors_info=\u00bb{}\u00bb custom_padding__hover=\u00bb|||\u00bb][et_pb_button button_url=\u00bbhttps:\/\/youtu.be\/xVpTQtHkGkI\u00bb url_new_window=\u00bbon\u00bb button_text=\u00bbVideo\u00bb _builder_version=\u00bb4.22.2&#8243; custom_button=\u00bbon\u00bb button_text_size=\u00bb16px\u00bb button_text_color=\u00bb#005794&#8243; button_bg_use_color_gradient=\u00bbon\u00bb button_bg_color_gradient_stops=\u00bbrgba(229,22,0,0) 0%|rgba(221,144,0,0) 100%\u00bb button_bg_color_gradient_start=\u00bbrgba(229,22,0,0)\u00bb button_bg_color_gradient_end=\u00bbrgba(221,144,0,0)\u00bb button_border_radius=\u00bb8px\u00bb button_font=\u00bb||||||||\u00bb button_icon=\u00bb&#x22;||divi||400&#8243; button_on_hover=\u00bboff\u00bb box_shadow_style=\u00bbpreset3&#8243; global_colors_info=\u00bb{}\u00bb][\/et_pb_button][\/et_pb_column][\/et_pb_row][et_pb_row column_structure=\u00bb3_4,1_4&#8243; use_custom_gutter=\u00bbon\u00bb gutter_width=\u00bb2&#8243; _builder_version=\u00bb4.19.4&#8243; module_alignment=\u00bbcenter\u00bb custom_padding=\u00bb|0px|0|0px|false|false\u00bb global_colors_info=\u00bb{}\u00bb][et_pb_column type=\u00bb3_4&#8243; _builder_version=\u00bb4.16&#8243; custom_padding=\u00bb|||\u00bb global_colors_info=\u00bb{}\u00bb custom_padding__hover=\u00bb|||\u00bb][et_pb_blurb use_icon=\u00bbon\u00bb font_icon=\u00bb&#x45;||divi||400&#8243; icon_placement=\u00bbleft\u00bb image_icon_width=\u00bb54px\u00bb _builder_version=\u00bb4.21.0&#8243; header_font_size=\u00bb19px\u00bb body_font_size=\u00bb15px\u00bb custom_padding=\u00bb||\u00bb icon_font_size=\u00bb54px\u00bb global_colors_info=\u00bb{}\u00bb]<\/p>\n<p>Ante los acontecimientos que afectan a empresas del \u00e1mbito de la cobranza, y a la actividad en s\u00ed misma, \u00bfC\u00f3mo podemos mantener y transformar la gesti\u00f3n eficiente de estas empresas?<\/p>\n<p><span style=\"color: #660000;\"><strong>&#8211;\u00a0Claudio Arriagada<\/strong> Gerente General RECSA Chile<\/span><br \/><span style=\"color: #660000;\">&#8211;\u00a0Entrevista: <strong>Beatriz Villa<\/strong> CEO y Directora General de Revista Ciclo de Riesgo Latam\u00a0<\/span><\/p>\n<p>[\/et_pb_blurb][et_pb_code _builder_version=\u00bb4.16&#8243; global_colors_info=\u00bb{}\u00bb]<script><!-- [et_pb_line_break_holder] -->jQuery(function(){<!-- [et_pb_line_break_holder] -->  jQuery(\"#inversion\").click(function(){<!-- [et_pb_line_break_holder] -->    jQuery(\"#popup\").css(\"display\", \"block\");<!-- [et_pb_line_break_holder] -->  });<!-- [et_pb_line_break_holder] -->  <!-- [et_pb_line_break_holder] -->  jQuery(\"#close\").click(function(){<!-- [et_pb_line_break_holder] -->    jQuery(\"#popup\").css(\"display\", \"none\");<!-- [et_pb_line_break_holder] -->  });<!-- [et_pb_line_break_holder] -->  <!-- [et_pb_line_break_holder] -->});<!-- [et_pb_line_break_holder] --><\/script>[\/et_pb_code][\/et_pb_column][et_pb_column type=\u00bb1_4&#8243; _builder_version=\u00bb4.16&#8243; custom_padding=\u00bb|||\u00bb global_colors_info=\u00bb{}\u00bb custom_padding__hover=\u00bb|||\u00bb][et_pb_button button_url=\u00bbhttps:\/\/youtu.be\/ruqORO-v6Fo\u00bb url_new_window=\u00bbon\u00bb button_text=\u00bbVideo\u00bb _builder_version=\u00bb4.22.2&#8243; custom_button=\u00bbon\u00bb button_text_size=\u00bb16px\u00bb button_text_color=\u00bb#005794&#8243; button_bg_use_color_gradient=\u00bbon\u00bb button_bg_color_gradient_stops=\u00bbrgba(229,22,0,0) 0%|rgba(221,144,0,0) 100%\u00bb button_bg_color_gradient_start=\u00bbrgba(229,22,0,0)\u00bb button_bg_color_gradient_end=\u00bbrgba(221,144,0,0)\u00bb button_border_radius=\u00bb8px\u00bb button_font=\u00bb||||||||\u00bb button_icon=\u00bb&#x22;||divi||400&#8243; button_on_hover=\u00bboff\u00bb box_shadow_style=\u00bbpreset3&#8243; global_colors_info=\u00bb{}\u00bb][\/et_pb_button][\/et_pb_column][\/et_pb_row][et_pb_row column_structure=\u00bb3_4,1_4&#8243; use_custom_gutter=\u00bbon\u00bb gutter_width=\u00bb2&#8243; _builder_version=\u00bb4.22.2&#8243; module_alignment=\u00bbcenter\u00bb custom_padding=\u00bb|0px|0|0px|false|false\u00bb global_colors_info=\u00bb{}\u00bb][et_pb_column type=\u00bb3_4&#8243; _builder_version=\u00bb4.16&#8243; custom_padding=\u00bb|||\u00bb global_colors_info=\u00bb{}\u00bb custom_padding__hover=\u00bb|||\u00bb][et_pb_blurb use_icon=\u00bbon\u00bb font_icon=\u00bb&#x45;||divi||400&#8243; icon_placement=\u00bbleft\u00bb image_icon_width=\u00bb54px\u00bb _builder_version=\u00bb4.21.0&#8243; header_font_size=\u00bb19px\u00bb body_font_size=\u00bb15px\u00bb custom_padding=\u00bb||43px|||\u00bb icon_font_size=\u00bb54px\u00bb global_colors_info=\u00bb{}\u00bb]<\/p>\n<p><span style=\"color: #660000;\"><strong><\/strong><\/span><\/p>\n<p><span style=\"font-size: 15px;\">\u00bfQu\u00e9 impacto tiene en el entorno financiero y c\u00f3mo prevenir y mitigar los efectos de la Ley 21.595 de Delitos Econ\u00f3micos recientemente aprobada?<\/span><\/p>\n<p><span style=\"color: #660000;\"><strong>&#8211;\u00a0<\/strong><span style=\"font-size: 15px;\"><strong>Max Montecino<\/strong> Gerente de AML&amp; Compliance, Banco Itau Chile<\/span><\/span><\/p>\n<p><span style=\"color: #660000;\"><strong>&#8211; \u00c1ngela Toso<\/strong> Directora Diplomado en Compliance y Gesti\u00f3n de Riesgos en la Empresa PUCV, Doctora en Derecho U. de Salamanca, Profesora Derecho PUCV<\/span><\/p>\n<p><span style=\"color: #660000;\"><strong>&#8211; Ver\u00f3nica Rosenblut<\/strong> Socia en Moreira Rosenblut y C\u00eda. Abogados, Mag\u00edster en Derecho y Ciencias Penales U. de Salamanca, Profesora Derecho penal PUC<\/span><\/p>\n<p><span style=\"color: #660000;\">&#8211;\u00a0\u00a0Modera: <strong>Hugo Caneo<\/strong> Asesor y consultor legal en materias regulatorias y de gobierno corporativo, M\u00e1ster of Laws New York University.<\/span><span style=\"font-size: 15px;\"><\/span><\/p>\n<p><span style=\"font-size: 15px;\"><\/span><\/p>\n<p>[\/et_pb_blurb][et_pb_code _builder_version=\u00bb4.16&#8243; global_colors_info=\u00bb{}\u00bb]<script><!-- [et_pb_line_break_holder] -->jQuery(function(){<!-- [et_pb_line_break_holder] -->  jQuery(\"#inversion\").click(function(){<!-- [et_pb_line_break_holder] -->    jQuery(\"#popup\").css(\"display\", \"block\");<!-- [et_pb_line_break_holder] -->  });<!-- [et_pb_line_break_holder] -->  <!-- [et_pb_line_break_holder] -->  jQuery(\"#close\").click(function(){<!-- [et_pb_line_break_holder] -->    jQuery(\"#popup\").css(\"display\", \"none\");<!-- [et_pb_line_break_holder] -->  });<!-- [et_pb_line_break_holder] -->  <!-- [et_pb_line_break_holder] -->});<!-- [et_pb_line_break_holder] --><\/script>[\/et_pb_code][\/et_pb_column][et_pb_column type=\u00bb1_4&#8243; _builder_version=\u00bb4.16&#8243; custom_padding=\u00bb|||\u00bb global_colors_info=\u00bb{}\u00bb custom_padding__hover=\u00bb|||\u00bb][et_pb_button button_url=\u00bbhttps:\/\/youtu.be\/4DObm11Xhp8&#8243; url_new_window=\u00bbon\u00bb button_text=\u00bbVideo\u00bb _builder_version=\u00bb4.22.2&#8243; custom_button=\u00bbon\u00bb button_text_size=\u00bb16px\u00bb button_text_color=\u00bb#005794&#8243; button_bg_use_color_gradient=\u00bbon\u00bb button_bg_color_gradient_stops=\u00bbrgba(229,22,0,0) 0%|rgba(221,144,0,0) 100%\u00bb button_bg_color_gradient_start=\u00bbrgba(229,22,0,0)\u00bb button_bg_color_gradient_end=\u00bbrgba(221,144,0,0)\u00bb button_border_radius=\u00bb8px\u00bb button_font=\u00bb||||||||\u00bb button_icon=\u00bb&#x22;||divi||400&#8243; button_on_hover=\u00bboff\u00bb box_shadow_style=\u00bbpreset3&#8243; global_colors_info=\u00bb{}\u00bb][\/et_pb_button][\/et_pb_column][\/et_pb_row][\/et_pb_section]<\/p>\n","protected":false},"excerpt":{"rendered":"<p>DISFRUTE DE NUESTRO SET DE ENTREVISTAS EN VIVO\u00bfDe qu\u00e9 manera las actuales condiciones y perspectivas del entorno Pol\u00edtico y Econ\u00f3mico, generan cambios y oportunidades en el Ecosistema Financiero? &#8211;\u00a0Roberto Guajardo Gerente de Riesgo Banca Personas, Banco Security-\u00a0Roberto Cases Ingeniero Comercial, Mag\u00edster en Econom\u00eda PUC, Investigador de Macroeconom\u00eda, miembro de la Comisi\u00f3n Nacional de Evaluaci\u00f3n y [&hellip;]<\/p>\n","protected":false},"author":4,"featured_media":0,"parent":0,"menu_order":0,"comment_status":"closed","ping_status":"closed","template":"","meta":{"_et_pb_use_builder":"on","_et_pb_old_content":"","_et_gb_content_width":"","footnotes":""},"class_list":["post-8227","page","type-page","status-publish","hentry"],"_links":{"self":[{"href":"https:\/\/eventoscicloderiesgo.com\/old\/wp-json\/wp\/v2\/pages\/8227","targetHints":{"allow":["GET"]}}],"collection":[{"href":"https:\/\/eventoscicloderiesgo.com\/old\/wp-json\/wp\/v2\/pages"}],"about":[{"href":"https:\/\/eventoscicloderiesgo.com\/old\/wp-json\/wp\/v2\/types\/page"}],"author":[{"embeddable":true,"href":"https:\/\/eventoscicloderiesgo.com\/old\/wp-json\/wp\/v2\/users\/4"}],"replies":[{"embeddable":true,"href":"https:\/\/eventoscicloderiesgo.com\/old\/wp-json\/wp\/v2\/comments?post=8227"}],"version-history":[{"count":0,"href":"https:\/\/eventoscicloderiesgo.com\/old\/wp-json\/wp\/v2\/pages\/8227\/revisions"}],"wp:attachment":[{"href":"https:\/\/eventoscicloderiesgo.com\/old\/wp-json\/wp\/v2\/media?parent=8227"}],"curies":[{"name":"wp","href":"https:\/\/api.w.org\/{rel}","templated":true}]}}